{"id":563,"date":"2017-12-04T21:53:10","date_gmt":"2017-12-04T21:53:10","guid":{"rendered":"http:\/\/nimyloscristalesmagicos.com\/?page_id=563"},"modified":"2019-12-03T22:46:17","modified_gmt":"2019-12-03T22:46:17","slug":"arqueros-y-arqueras","status":"publish","type":"page","link":"https:\/\/nimyloscristalesmagicos.com\/index.php\/arqueros-y-arqueras\/","title":{"rendered":"Arqueros y arqueras"},"content":{"rendered":"<br \/>\n<b>Warning<\/b>:  Invalid argument supplied for foreach() in <b>\/home\/nimylosczm\/www\/wp-content\/plugins\/unyson\/framework\/includes\/option-types\/typography-v2\/class-fw-option-type-typography-v2.php<\/b> on line <b>148<\/b><br \/>\n<br \/>\n<b>Warning<\/b>:  Invalid argument supplied for foreach() in <b>\/home\/nimylosczm\/www\/wp-content\/plugins\/unyson\/framework\/includes\/option-types\/typography-v2\/class-fw-option-type-typography-v2.php<\/b> on line <b>148<\/b><br \/>\n<br \/>\n<b>Warning<\/b>:  Invalid argument supplied for foreach() in <b>\/home\/nimylosczm\/www\/wp-content\/plugins\/unyson\/framework\/includes\/option-types\/typography-v2\/class-fw-option-type-typography-v2.php<\/b> on line <b>148<\/b><br \/>\n<br \/>\n<b>Warning<\/b>:  Invalid argument supplied for foreach() in <b>\/home\/nimylosczm\/www\/wp-content\/plugins\/unyson\/framework\/includes\/option-types\/typography-v2\/class-fw-option-type-typography-v2.php<\/b> on line <b>148<\/b><br \/>\n<br \/>\n<b>Warning<\/b>:  Invalid argument supplied for foreach() in <b>\/home\/nimylosczm\/www\/wp-content\/plugins\/unyson\/framework\/includes\/option-types\/typography-v2\/class-fw-option-type-typography-v2.php<\/b> on line <b>148<\/b><br \/>\n<br \/>\n<b>Warning<\/b>:  Invalid argument supplied for foreach() in <b>\/home\/nimylosczm\/www\/wp-content\/plugins\/unyson\/framework\/includes\/option-types\/typography-v2\/class-fw-option-type-typography-v2.php<\/b> on line <b>148<\/b><br \/>\n<br \/>\n<b>Warning<\/b>:  Invalid argument supplied for foreach() in <b>\/home\/nimylosczm\/www\/wp-content\/plugins\/unyson\/framework\/includes\/option-types\/typography-v2\/class-fw-option-type-typography-v2.php<\/b> on line <b>148<\/b><br \/>\n<br \/>\n<b>Warning<\/b>:  Invalid argument supplied for foreach() in <b>\/home\/nimylosczm\/www\/wp-content\/plugins\/unyson\/framework\/includes\/option-types\/typography-v2\/class-fw-option-type-typography-v2.php<\/b> on line <b>148<\/b><br \/>\n<br \/>\n<b>Warning<\/b>:  Invalid argument supplied for foreach() in <b>\/home\/nimylosczm\/www\/wp-content\/plugins\/unyson\/framework\/includes\/option-types\/typography-v2\/class-fw-option-type-typography-v2.php<\/b> on line <b>148<\/b><br \/>\n<br \/>\n<b>Warning<\/b>:  Invalid argument supplied for foreach() in <b>\/home\/nimylosczm\/www\/wp-content\/plugins\/unyson\/framework\/includes\/option-types\/typography-v2\/class-fw-option-type-typography-v2.php<\/b> on line <b>148<\/b><br \/>\n<br \/>\n<b>Warning<\/b>:  Invalid argument supplied for foreach() in <b>\/home\/nimylosczm\/www\/wp-content\/plugins\/unyson\/framework\/includes\/option-types\/typography-v2\/class-fw-option-type-typography-v2.php<\/b> on line <b>148<\/b><br \/>\n<br \/>\n<b>Warning<\/b>:  Invalid argument supplied for foreach() in <b>\/home\/nimylosczm\/www\/wp-content\/plugins\/unyson\/framework\/includes\/option-types\/typography-v2\/class-fw-option-type-typography-v2.php<\/b> on line <b>148<\/b><br \/>\n<br \/>\n<b>Warning<\/b>:  Invalid argument supplied for foreach() in <b>\/home\/nimylosczm\/www\/wp-content\/plugins\/unyson\/framework\/includes\/option-types\/typography-v2\/class-fw-option-type-typography-v2.php<\/b> on line <b>148<\/b><br \/>\n<br \/>\n<b>Warning<\/b>:  Invalid argument supplied for foreach() in <b>\/home\/nimylosczm\/www\/wp-content\/plugins\/unyson\/framework\/includes\/option-types\/typography-v2\/class-fw-option-type-typography-v2.php<\/b> on line <b>148<\/b><br \/>\n<br \/>\n<b>Warning<\/b>:  Invalid argument supplied for foreach() in <b>\/home\/nimylosczm\/www\/wp-content\/plugins\/unyson\/framework\/includes\/option-types\/typography-v2\/class-fw-option-type-typography-v2.php<\/b> on line <b>148<\/b><br \/>\n<br \/>\n<b>Warning<\/b>:  Invalid argument supplied for foreach() in <b>\/home\/nimylosczm\/www\/wp-content\/plugins\/unyson\/framework\/includes\/option-types\/typography-v2\/class-fw-option-type-typography-v2.php<\/b> on line <b>148<\/b><br \/>\n<br \/>\n<b>Warning<\/b>:  Invalid argument supplied for foreach() in <b>\/home\/nimylosczm\/www\/wp-content\/plugins\/unyson\/framework\/includes\/option-types\/typography-v2\/class-fw-option-type-typography-v2.php<\/b> on line <b>148<\/b><br \/>\n<br \/>\n<b>Warning<\/b>:  Invalid argument supplied for foreach() in <b>\/home\/nimylosczm\/www\/wp-content\/plugins\/unyson\/framework\/includes\/option-types\/typography-v2\/class-fw-option-type-typography-v2.php<\/b> on line <b>148<\/b><br \/>\n<br \/>\n<b>Warning<\/b>:  Invalid argument supplied for foreach() in <b>\/home\/nimylosczm\/www\/wp-content\/plugins\/unyson\/framework\/includes\/option-types\/typography-v2\/class-fw-option-type-typography-v2.php<\/b> on line <b>148<\/b><br \/>\n<br \/>\n<b>Warning<\/b>:  Invalid argument supplied for foreach() in <b>\/home\/nimylosczm\/www\/wp-content\/plugins\/unyson\/framework\/includes\/option-types\/typography-v2\/class-fw-option-type-typography-v2.php<\/b> on line <b>148<\/b><br \/>\n<br \/>\n<b>Warning<\/b>:  Invalid argument supplied for foreach() in <b>\/home\/nimylosczm\/www\/wp-content\/plugins\/unyson\/framework\/includes\/option-types\/typography-v2\/class-fw-option-type-typography-v2.php<\/b> on line <b>148<\/b><br \/>\n<br \/>\n<b>Warning<\/b>:  Invalid argument supplied for foreach() in <b>\/home\/nimylosczm\/www\/wp-content\/plugins\/unyson\/framework\/includes\/option-types\/typography-v2\/class-fw-option-type-typography-v2.php<\/b> on line <b>148<\/b><br \/>\n<br \/>\n<b>Warning<\/b>:  Invalid argument supplied for foreach() in <b>\/home\/nimylosczm\/www\/wp-content\/plugins\/unyson\/framework\/includes\/option-types\/typography-v2\/class-fw-option-type-typography-v2.php<\/b> on line <b>148<\/b><br \/>\n<br \/>\n<b>Warning<\/b>:  Invalid argument supplied for foreach() in <b>\/home\/nimylosczm\/www\/wp-content\/plugins\/unyson\/framework\/includes\/option-types\/typography-v2\/class-fw-option-type-typography-v2.php<\/b> on line <b>148<\/b><br \/>\n<br \/>\n<b>Warning<\/b>:  Invalid argument supplied for foreach() in <b>\/home\/nimylosczm\/www\/wp-content\/plugins\/unyson\/framework\/includes\/option-types\/typography-v2\/class-fw-option-type-typography-v2.php<\/b> on line <b>148<\/b><br \/>\n<br \/>\n<b>Warning<\/b>:  Invalid argument supplied for foreach() in <b>\/home\/nimylosczm\/www\/wp-content\/plugins\/unyson\/framework\/includes\/option-types\/typography-v2\/class-fw-option-type-typography-v2.php<\/b> on line <b>148<\/b><br \/>\n<div id=\"lakshmi-section-4515\" class=\"shortcode-section \" style=\" \">\n    <div class=\"section-layer-holder \">\n\t\t        \t\t<div class=\"section-content\" style=\"padding: 0px 0; text-align: left;\">\n        \t<div class=\"container\"><div class=\"fw-row\">\n\t<div class=\"lsi-col fw-col-xs-12  \" style=\"padding-top: 0px; padding-right: 15px; padding-bottom: 0px; padding-left: 15px;\">\r\n\t\t<h1>Arqueros y arqueras<\/h1><p>Los arqueros destacan por su precisi\u00f3n, destreza y agilidad. Son perfectos rastreadores ya que tienen un estupendo sentido de la orientaci\u00f3n. Su car\u00e1cter extrovertido y emp\u00e1tico, les hace tener gran capacidad de adaptaci\u00f3n y diplomacia.\u00a0 Dentro de sus habilidades acad\u00e9micas destacan en Ciencias Sociales y Naturales, Matem\u00e1ticas y disciplinas art\u00edsticas.<\/p>    <\/div><\/div>\n\n<\/div>            <div class=\"clearfix\"><\/div>\n        <\/div>\n\t<\/div>\n<\/div><div id=\"lakshmi-section-9650\" class=\"shortcode-section lakshmi-fullwidth-section \" style=\" \">\n    <div class=\"section-layer-holder parallax-window \" data-parallax=\"scroll\" data-image-src=\"\/\/nimyloscristalesmagicos.com\/wp-content\/uploads\/2018\/01\/Secci\u00f3n2.png\">\n\t\t        \t\t<div class=\"section-content\" style=\"padding: 0px 0; text-align: left;\">\n        \t<div class=\"container\"><div class=\"fw-row\">\n\t<div class=\"lsi-col fw-col-xs-12 fw-col-sm-3  \" style=\"padding-top: 0px; padding-right: 15px; padding-bottom: 0px; padding-left: 15px;\">\r\n\t\t<div class=\"lsi-imagebox\">\n\t\t<div class=\"image\">\n\t\t        <a href=\"\/\/nimyloscristalesmagicos.com\/wp-content\/uploads\/2018\/01\/Kesha.png\" data-gal=\"prettyPhoto[0]\">\n        \t\t\t<img src=\"\/\/nimyloscristalesmagicos.com\/wp-content\/uploads\/2018\/01\/Kesha.png\" alt=\"Kesha\"\/>\n\t\t        <\/a>\n        \t<\/div>\n    \t<div class=\"text\">\n    \t\t\t\t<h4 class=\"name\">Kesha<\/h4>\n    \t\t\t<div class=\"desc\">Nacida en la ex\u00f3tica selva de las Tierras C\u00e1lidas.\nTiene una especial conexi\u00f3n con los elementos de la naturaleza y los animales.\nGran rastreadora y acr\u00f3bata. \n<\/div>\n    <\/div>\n<\/div>    <\/div><div class=\"lsi-col fw-col-xs-12 fw-col-sm-3  \" style=\"padding-top: 0px; padding-right: 15px; padding-bottom: 0px; padding-left: 15px;\">\r\n\t\t<div class=\"lsi-imagebox\">\n\t\t<div class=\"image\">\n\t\t        <a href=\"\/\/nimyloscristalesmagicos.com\/wp-content\/uploads\/2018\/01\/Rauel.png\" data-gal=\"prettyPhoto[0]\">\n        \t\t\t<img src=\"\/\/nimyloscristalesmagicos.com\/wp-content\/uploads\/2018\/01\/Rauel.png\" alt=\"Rauel\"\/>\n\t\t        <\/a>\n        \t<\/div>\n    \t<div class=\"text\">\n    \t\t\t\t<h4 class=\"name\">Rauel<\/h4>\n    \t\t\t<div class=\"desc\">Desciende de un antiguo y desaparecido linaje elfo.\nEs capaz de leer los corazones de las personas.\nH\u00e1bil con el arco. Posee  mucha destreza para trepar y escalar.\n<\/div>\n    <\/div>\n<\/div>    <\/div><div class=\"lsi-col fw-col-xs-12 fw-col-sm-3  \" style=\"padding-top: 0px; padding-right: 15px; padding-bottom: 0px; padding-left: 15px;\">\r\n\t\t<div class=\"lsi-imagebox\">\n\t\t<div class=\"image\">\n\t\t        <a href=\"\/\/nimyloscristalesmagicos.com\/wp-content\/uploads\/2018\/01\/Fenrys.png\" data-gal=\"prettyPhoto[0]\">\n        \t\t\t<img src=\"\/\/nimyloscristalesmagicos.com\/wp-content\/uploads\/2018\/01\/Fenrys.png\" alt=\"Fenrys\"\/>\n\t\t        <\/a>\n        \t<\/div>\n    \t<div class=\"text\">\n    \t\t\t\t<h4 class=\"name\">Fenrys<\/h4>\n    \t\t\t<div class=\"desc\">Natural de los grandes bosques del norte.\nDestaca por su punter\u00eda y agudeza visual.\nLa velocidad y agilidad de movimientos son su gran baza.\n<\/div>\n    <\/div>\n<\/div>    <\/div><div class=\"lsi-col fw-col-xs-12 fw-col-sm-3  \" style=\"padding-top: 0px; padding-right: 15px; padding-bottom: 0px; padding-left: 15px;\">\r\n\t\t<div class=\"lsi-imagebox\">\n\t\t<div class=\"image\">\n\t\t        <a href=\"\/\/nimyloscristalesmagicos.com\/wp-content\/uploads\/2018\/02\/Sared-1.png\" data-gal=\"prettyPhoto[0]\">\n        \t\t\t<img src=\"\/\/nimyloscristalesmagicos.com\/wp-content\/uploads\/2018\/02\/Sared-1.png\" alt=\"Sared\"\/>\n\t\t        <\/a>\n        \t<\/div>\n    \t<div class=\"text\">\n    \t\t\t\t<h4 class=\"name\">Sared<\/h4>\n    \t\t\t<div class=\"desc\">Naci\u00f3 en una familia acomodada y estudi\u00f3 arte y m\u00fasica. Pero decidi\u00f3 dedicar su vida a la defensa de la justicia. Destaca por su sensibilidad a los dem\u00e1s y su adaptaci\u00f3n al cambio .\n\n<\/div>\n    <\/div>\n<\/div>    <\/div><\/div>\n\n<div class=\"fw-row\">\n\t<div class=\"lsi-col fw-col-xs-12 fw-col-sm-3  \" style=\"padding-top: 0px; padding-right: 15px; padding-bottom: 0px; padding-left: 15px;\">\r\n\t\t<div class=\"lsi-imagebox\">\n\t\t<div class=\"image\">\n\t\t        <a href=\"\/\/nimyloscristalesmagicos.com\/wp-content\/uploads\/2018\/01\/Marcus.png\" data-gal=\"prettyPhoto[0]\">\n        \t\t\t<img src=\"\/\/nimyloscristalesmagicos.com\/wp-content\/uploads\/2018\/01\/Marcus.png\" alt=\"Marcus\"\/>\n\t\t        <\/a>\n        \t<\/div>\n    \t<div class=\"text\">\n    \t\t\t\t<h4 class=\"name\">Marcus<\/h4>\n    \t\t\t<div class=\"desc\">Nacido en las tierras m\u00e1s orientales.\nDestaca por su habilidad cazando. Rastreador nato y con una intuici\u00f3n poco com\u00fan.\nSabe trabajar en equipo y tiene mucha iniciativa.\n<\/div>\n    <\/div>\n<\/div>    <\/div><div class=\"lsi-col fw-col-xs-12 fw-col-sm-3  \" style=\"padding-top: 0px; padding-right: 15px; padding-bottom: 0px; padding-left: 15px;\">\r\n\t\t<div class=\"lsi-imagebox\">\n\t\t<div class=\"image\">\n\t\t        <a href=\"\/\/nimyloscristalesmagicos.com\/wp-content\/uploads\/2018\/01\/Dhanna.png\" data-gal=\"prettyPhoto[0]\">\n        \t\t\t<img src=\"\/\/nimyloscristalesmagicos.com\/wp-content\/uploads\/2018\/01\/Dhanna.png\" alt=\"Dhanna\"\/>\n\t\t        <\/a>\n        \t<\/div>\n    \t<div class=\"text\">\n    \t\t\t\t<h4 class=\"name\">Dhanna<\/h4>\n    \t\t\t<div class=\"desc\">R\u00e1pida, silenciosa y gran rastreadora. \nAma y entiende a la naturaleza. \nPosee una gran punter\u00eda y destreza mirando m\u00e1s all\u00e1 de las apariencias.\n<\/div>\n    <\/div>\n<\/div>    <\/div><div class=\"lsi-col fw-col-xs-12 fw-col-sm-3  \" style=\"padding-top: 0px; padding-right: 15px; padding-bottom: 0px; padding-left: 15px;\">\r\n\t\t<div class=\"lsi-imagebox\">\n\t\t<div class=\"image\">\n\t\t        <a href=\"\/\/nimyloscristalesmagicos.com\/wp-content\/uploads\/2018\/01\/Ellex.png\" data-gal=\"prettyPhoto[0]\">\n        \t\t\t<img src=\"\/\/nimyloscristalesmagicos.com\/wp-content\/uploads\/2018\/01\/Ellex.png\" alt=\"Ellex\"\/>\n\t\t        <\/a>\n        \t<\/div>\n    \t<div class=\"text\">\n    \t\t\t\t<h4 class=\"name\">Ellex<\/h4>\n    \t\t\t<div class=\"desc\">Est\u00e1 al d\u00eda de las \u00faltimas novedades armament\u00edsticas.\nGran dominio del c\u00e1lculo mental y la f\u00edsica.\nPosee una gran destreza descifrando c\u00f3digos.\n<\/div>\n    <\/div>\n<\/div>    <\/div><div class=\"lsi-col fw-col-xs-12 fw-col-sm-3  \" style=\"padding-top: 0px; padding-right: 15px; padding-bottom: 0px; padding-left: 15px;\">\r\n\t\t<div class=\"lsi-imagebox\">\n\t\t<div class=\"image\">\n\t\t        <a href=\"\/\/nimyloscristalesmagicos.com\/wp-content\/uploads\/2018\/02\/Tim.png\" data-gal=\"prettyPhoto[0]\">\n        \t\t\t<img src=\"\/\/nimyloscristalesmagicos.com\/wp-content\/uploads\/2018\/02\/Tim.png\" alt=\"Tim\"\/>\n\t\t        <\/a>\n        \t<\/div>\n    \t<div class=\"text\">\n    \t\t\t\t<h4 class=\"name\">Tim<\/h4>\n    \t\t\t<div class=\"desc\">Desde peque\u00f1o le gustaba el arco y la flecha.\nTiene gran punter\u00eda y equilibrio. Le gusta defender a los menos favorecidos y luchar por la igualdad.\n<\/div>\n    <\/div>\n<\/div>    <\/div><\/div>\n\n<\/div>            <div class=\"clearfix\"><\/div>\n        <\/div>\n\t<\/div>\n<\/div>\n","protected":false},"excerpt":{"rendered":"<p>Arqueros y arquerasLos arqueros destacan por su precisi\u00f3n, destreza y agilidad. Son perfectos rastreadores ya que tienen un estupendo sentido de la orientaci\u00f3n. Su car\u00e1cter extrovertido y emp\u00e1tico, les hace tener gran capacidad de adaptaci\u00f3n y diplomacia.\u00a0 Dentro de sus habilidades acad\u00e9micas destacan en Ciencias Sociales y Naturales, Matem\u00e1ticas y disciplinas art\u00edsticas. Kesha Nacida en [&hellip;]<\/p>\n","protected":false},"author":1,"featured_media":0,"parent":0,"menu_order":0,"comment_status":"closed","ping_status":"closed","template":"","meta":{"_mi_skip_tracking":false},"yoast_head":"<!-- This site is optimized with the Yoast SEO plugin v19.6 - https:\/\/yoast.com\/wordpress\/plugins\/seo\/ -->\n<title>Arqueros y Arqueras<\/title>\n<meta name=\"description\" content=\"Los arqueros destacan por su precisi\u00f3n, destreza y agilidad. Son perfectos rastreadores. Su car\u00e1cter extrovertido y emp\u00e1tico, les hace tener gran capacidad de adaptaci\u00f3n y diplomacia. Dentro de sus habilidades acad\u00e9micas destacan en Ciencias Sociales y Naturales, Matem\u00e1ticas y disciplinas art\u00edsticas.\" \/>\n<meta name=\"robots\" content=\"index, follow, max-snippet:-1, max-image-preview:large, max-video-preview:-1\" \/>\n<link rel=\"canonical\" href=\"https:\/\/nimyloscristalesmagicos.com\/index.php\/arqueros-y-arqueras\/\" \/>\n<meta property=\"og:locale\" content=\"es_ES\" \/>\n<meta property=\"og:type\" content=\"article\" \/>\n<meta property=\"og:title\" content=\"Arqueros y Arqueras\" \/>\n<meta property=\"og:description\" content=\"Los arqueros destacan por su precisi\u00f3n, destreza y agilidad. Son perfectos rastreadores. Su car\u00e1cter extrovertido y emp\u00e1tico, les hace tener gran capacidad de adaptaci\u00f3n y diplomacia. Dentro de sus habilidades acad\u00e9micas destacan en Ciencias Sociales y Naturales, Matem\u00e1ticas y disciplinas art\u00edsticas.\" \/>\n<meta property=\"og:url\" content=\"https:\/\/nimyloscristalesmagicos.com\/index.php\/arqueros-y-arqueras\/\" \/>\n<meta property=\"og:site_name\" content=\"Nim y los cristales m\u00e1gicos\" \/>\n<meta property=\"article:modified_time\" content=\"2019-12-03T22:46:17+00:00\" \/>\n<meta name=\"twitter:card\" content=\"summary_large_image\" \/>\n<meta name=\"twitter:label1\" content=\"Tiempo de lectura\" \/>\n\t<meta name=\"twitter:data1\" content=\"1 minuto\" \/>\n<script type=\"application\/ld+json\" class=\"yoast-schema-graph\">{\"@context\":\"https:\/\/schema.org\",\"@graph\":[{\"@type\":\"WebPage\",\"@id\":\"https:\/\/nimyloscristalesmagicos.com\/index.php\/arqueros-y-arqueras\/\",\"url\":\"https:\/\/nimyloscristalesmagicos.com\/index.php\/arqueros-y-arqueras\/\",\"name\":\"Arqueros y Arqueras\",\"isPartOf\":{\"@id\":\"https:\/\/nimyloscristalesmagicos.com\/#website\"},\"datePublished\":\"2017-12-04T21:53:10+00:00\",\"dateModified\":\"2019-12-03T22:46:17+00:00\",\"description\":\"Los arqueros destacan por su precisi\u00f3n, destreza y agilidad. Son perfectos rastreadores. Su car\u00e1cter extrovertido y emp\u00e1tico, les hace tener gran capacidad de adaptaci\u00f3n y diplomacia. Dentro de sus habilidades acad\u00e9micas destacan en Ciencias Sociales y Naturales, Matem\u00e1ticas y disciplinas art\u00edsticas.\",\"breadcrumb\":{\"@id\":\"https:\/\/nimyloscristalesmagicos.com\/index.php\/arqueros-y-arqueras\/#breadcrumb\"},\"inLanguage\":\"es\",\"potentialAction\":[{\"@type\":\"ReadAction\",\"target\":[\"https:\/\/nimyloscristalesmagicos.com\/index.php\/arqueros-y-arqueras\/\"]}]},{\"@type\":\"BreadcrumbList\",\"@id\":\"https:\/\/nimyloscristalesmagicos.com\/index.php\/arqueros-y-arqueras\/#breadcrumb\",\"itemListElement\":[{\"@type\":\"ListItem\",\"position\":1,\"name\":\"Portada\",\"item\":\"https:\/\/nimyloscristalesmagicos.com\/\"},{\"@type\":\"ListItem\",\"position\":2,\"name\":\"Arqueros y arqueras\"}]},{\"@type\":\"WebSite\",\"@id\":\"https:\/\/nimyloscristalesmagicos.com\/#website\",\"url\":\"https:\/\/nimyloscristalesmagicos.com\/\",\"name\":\"Nim y los cristales m\u00e1gicos\",\"description\":\"Gamificaci\u00f3n en el aula\",\"potentialAction\":[{\"@type\":\"SearchAction\",\"target\":{\"@type\":\"EntryPoint\",\"urlTemplate\":\"https:\/\/nimyloscristalesmagicos.com\/?s={search_term_string}\"},\"query-input\":\"required name=search_term_string\"}],\"inLanguage\":\"es\"}]}<\/script>\n<!-- \/ Yoast SEO plugin. -->","yoast_head_json":{"title":"Arqueros y Arqueras","description":"Los arqueros destacan por su precisi\u00f3n, destreza y agilidad. Son perfectos rastreadores. Su car\u00e1cter extrovertido y emp\u00e1tico, les hace tener gran capacidad de adaptaci\u00f3n y diplomacia. Dentro de sus habilidades acad\u00e9micas destacan en Ciencias Sociales y Naturales, Matem\u00e1ticas y disciplinas art\u00edsticas.","robots":{"index":"index","follow":"follow","max-snippet":"max-snippet:-1","max-image-preview":"max-image-preview:large","max-video-preview":"max-video-preview:-1"},"canonical":"https:\/\/nimyloscristalesmagicos.com\/index.php\/arqueros-y-arqueras\/","og_locale":"es_ES","og_type":"article","og_title":"Arqueros y Arqueras","og_description":"Los arqueros destacan por su precisi\u00f3n, destreza y agilidad. Son perfectos rastreadores. Su car\u00e1cter extrovertido y emp\u00e1tico, les hace tener gran capacidad de adaptaci\u00f3n y diplomacia. Dentro de sus habilidades acad\u00e9micas destacan en Ciencias Sociales y Naturales, Matem\u00e1ticas y disciplinas art\u00edsticas.","og_url":"https:\/\/nimyloscristalesmagicos.com\/index.php\/arqueros-y-arqueras\/","og_site_name":"Nim y los cristales m\u00e1gicos","article_modified_time":"2019-12-03T22:46:17+00:00","twitter_card":"summary_large_image","twitter_misc":{"Tiempo de lectura":"1 minuto"},"schema":{"@context":"https:\/\/schema.org","@graph":[{"@type":"WebPage","@id":"https:\/\/nimyloscristalesmagicos.com\/index.php\/arqueros-y-arqueras\/","url":"https:\/\/nimyloscristalesmagicos.com\/index.php\/arqueros-y-arqueras\/","name":"Arqueros y Arqueras","isPartOf":{"@id":"https:\/\/nimyloscristalesmagicos.com\/#website"},"datePublished":"2017-12-04T21:53:10+00:00","dateModified":"2019-12-03T22:46:17+00:00","description":"Los arqueros destacan por su precisi\u00f3n, destreza y agilidad. Son perfectos rastreadores. Su car\u00e1cter extrovertido y emp\u00e1tico, les hace tener gran capacidad de adaptaci\u00f3n y diplomacia. Dentro de sus habilidades acad\u00e9micas destacan en Ciencias Sociales y Naturales, Matem\u00e1ticas y disciplinas art\u00edsticas.","breadcrumb":{"@id":"https:\/\/nimyloscristalesmagicos.com\/index.php\/arqueros-y-arqueras\/#breadcrumb"},"inLanguage":"es","potentialAction":[{"@type":"ReadAction","target":["https:\/\/nimyloscristalesmagicos.com\/index.php\/arqueros-y-arqueras\/"]}]},{"@type":"BreadcrumbList","@id":"https:\/\/nimyloscristalesmagicos.com\/index.php\/arqueros-y-arqueras\/#breadcrumb","itemListElement":[{"@type":"ListItem","position":1,"name":"Portada","item":"https:\/\/nimyloscristalesmagicos.com\/"},{"@type":"ListItem","position":2,"name":"Arqueros y arqueras"}]},{"@type":"WebSite","@id":"https:\/\/nimyloscristalesmagicos.com\/#website","url":"https:\/\/nimyloscristalesmagicos.com\/","name":"Nim y los cristales m\u00e1gicos","description":"Gamificaci\u00f3n en el aula","potentialAction":[{"@type":"SearchAction","target":{"@type":"EntryPoint","urlTemplate":"https:\/\/nimyloscristalesmagicos.com\/?s={search_term_string}"},"query-input":"required name=search_term_string"}],"inLanguage":"es"}]}},"_links":{"self":[{"href":"https:\/\/nimyloscristalesmagicos.com\/index.php\/wp-json\/wp\/v2\/pages\/563"}],"collection":[{"href":"https:\/\/nimyloscristalesmagicos.com\/index.php\/wp-json\/wp\/v2\/pages"}],"about":[{"href":"https:\/\/nimyloscristalesmagicos.com\/index.php\/wp-json\/wp\/v2\/types\/page"}],"author":[{"embeddable":true,"href":"https:\/\/nimyloscristalesmagicos.com\/index.php\/wp-json\/wp\/v2\/users\/1"}],"replies":[{"embeddable":true,"href":"https:\/\/nimyloscristalesmagicos.com\/index.php\/wp-json\/wp\/v2\/comments?post=563"}],"version-history":[{"count":36,"href":"https:\/\/nimyloscristalesmagicos.com\/index.php\/wp-json\/wp\/v2\/pages\/563\/revisions"}],"predecessor-version":[{"id":1517,"href":"https:\/\/nimyloscristalesmagicos.com\/index.php\/wp-json\/wp\/v2\/pages\/563\/revisions\/1517"}],"wp:attachment":[{"href":"https:\/\/nimyloscristalesmagicos.com\/index.php\/wp-json\/wp\/v2\/media?parent=563"}],"curies":[{"name":"wp","href":"https:\/\/api.w.org\/{rel}","templated":true}]}}