{"id":5,"date":"2017-10-09T14:15:13","date_gmt":"2017-10-09T14:15:13","guid":{"rendered":"http:\/\/nimyloscristalesmagicos.com\/?page_id=5"},"modified":"2019-12-03T22:38:12","modified_gmt":"2019-12-03T22:38:12","slug":"gamificacion","status":"publish","type":"page","link":"https:\/\/nimyloscristalesmagicos.com\/index.php\/gamificacion\/","title":{"rendered":"Gamificaci\u00f3n"},"content":{"rendered":"<br \/>\n<b>Warning<\/b>:  Invalid argument supplied for foreach() in <b>\/home\/nimylosczm\/www\/wp-content\/plugins\/unyson\/framework\/includes\/option-types\/typography-v2\/class-fw-option-type-typography-v2.php<\/b> on line <b>148<\/b><br \/>\n<br \/>\n<b>Warning<\/b>:  Invalid argument supplied for foreach() in <b>\/home\/nimylosczm\/www\/wp-content\/plugins\/unyson\/framework\/includes\/option-types\/typography-v2\/class-fw-option-type-typography-v2.php<\/b> on line <b>148<\/b><br \/>\n<br \/>\n<b>Warning<\/b>:  Invalid argument supplied for foreach() in <b>\/home\/nimylosczm\/www\/wp-content\/plugins\/unyson\/framework\/includes\/option-types\/typography-v2\/class-fw-option-type-typography-v2.php<\/b> on line <b>148<\/b><br \/>\n<br \/>\n<b>Warning<\/b>:  Invalid argument supplied for foreach() in <b>\/home\/nimylosczm\/www\/wp-content\/plugins\/unyson\/framework\/includes\/option-types\/typography-v2\/class-fw-option-type-typography-v2.php<\/b> on line <b>148<\/b><br \/>\n<br \/>\n<b>Warning<\/b>:  Invalid argument supplied for foreach() in <b>\/home\/nimylosczm\/www\/wp-content\/plugins\/unyson\/framework\/includes\/option-types\/typography-v2\/class-fw-option-type-typography-v2.php<\/b> on line <b>148<\/b><br \/>\n<br \/>\n<b>Warning<\/b>:  Invalid argument supplied for foreach() in <b>\/home\/nimylosczm\/www\/wp-content\/plugins\/unyson\/framework\/includes\/option-types\/typography-v2\/class-fw-option-type-typography-v2.php<\/b> on line <b>148<\/b><br \/>\n<br \/>\n<b>Warning<\/b>:  Invalid argument supplied for foreach() in <b>\/home\/nimylosczm\/www\/wp-content\/plugins\/unyson\/framework\/includes\/option-types\/typography-v2\/class-fw-option-type-typography-v2.php<\/b> on line <b>148<\/b><br \/>\n<br \/>\n<b>Warning<\/b>:  Invalid argument supplied for foreach() in <b>\/home\/nimylosczm\/www\/wp-content\/plugins\/unyson\/framework\/includes\/option-types\/typography-v2\/class-fw-option-type-typography-v2.php<\/b> on line <b>148<\/b><br \/>\n<br \/>\n<b>Warning<\/b>:  Invalid argument supplied for foreach() in <b>\/home\/nimylosczm\/www\/wp-content\/plugins\/unyson\/framework\/includes\/option-types\/typography-v2\/class-fw-option-type-typography-v2.php<\/b> on line <b>148<\/b><br \/>\n<br \/>\n<b>Warning<\/b>:  Invalid argument supplied for foreach() in <b>\/home\/nimylosczm\/www\/wp-content\/plugins\/unyson\/framework\/includes\/option-types\/typography-v2\/class-fw-option-type-typography-v2.php<\/b> on line <b>148<\/b><br \/>\n<br \/>\n<b>Warning<\/b>:  Invalid argument supplied for foreach() in <b>\/home\/nimylosczm\/www\/wp-content\/plugins\/unyson\/framework\/includes\/option-types\/typography-v2\/class-fw-option-type-typography-v2.php<\/b> on line <b>148<\/b><br \/>\n<br \/>\n<b>Warning<\/b>:  Invalid argument supplied for foreach() in <b>\/home\/nimylosczm\/www\/wp-content\/plugins\/unyson\/framework\/includes\/option-types\/typography-v2\/class-fw-option-type-typography-v2.php<\/b> on line <b>148<\/b><br \/>\n<br \/>\n<b>Warning<\/b>:  Invalid argument supplied for foreach() in <b>\/home\/nimylosczm\/www\/wp-content\/plugins\/unyson\/framework\/includes\/option-types\/typography-v2\/class-fw-option-type-typography-v2.php<\/b> on line <b>148<\/b><br \/>\n<br \/>\n<b>Warning<\/b>:  Invalid argument supplied for foreach() in <b>\/home\/nimylosczm\/www\/wp-content\/plugins\/unyson\/framework\/includes\/option-types\/typography-v2\/class-fw-option-type-typography-v2.php<\/b> on line <b>148<\/b><br \/>\n<br \/>\n<b>Warning<\/b>:  Invalid argument supplied for foreach() in <b>\/home\/nimylosczm\/www\/wp-content\/plugins\/unyson\/framework\/includes\/option-types\/typography-v2\/class-fw-option-type-typography-v2.php<\/b> on line <b>148<\/b><br \/>\n<br \/>\n<b>Warning<\/b>:  Invalid argument supplied for foreach() in <b>\/home\/nimylosczm\/www\/wp-content\/plugins\/unyson\/framework\/includes\/option-types\/typography-v2\/class-fw-option-type-typography-v2.php<\/b> on line <b>148<\/b><br \/>\n<br \/>\n<b>Warning<\/b>:  Invalid argument supplied for foreach() in <b>\/home\/nimylosczm\/www\/wp-content\/plugins\/unyson\/framework\/includes\/option-types\/typography-v2\/class-fw-option-type-typography-v2.php<\/b> on line <b>148<\/b><br \/>\n<br \/>\n<b>Warning<\/b>:  Invalid argument supplied for foreach() in <b>\/home\/nimylosczm\/www\/wp-content\/plugins\/unyson\/framework\/includes\/option-types\/typography-v2\/class-fw-option-type-typography-v2.php<\/b> on line <b>148<\/b><br \/>\n<br \/>\n<b>Warning<\/b>:  Invalid argument supplied for foreach() in <b>\/home\/nimylosczm\/www\/wp-content\/plugins\/unyson\/framework\/includes\/option-types\/typography-v2\/class-fw-option-type-typography-v2.php<\/b> on line <b>148<\/b><br \/>\n<br \/>\n<b>Warning<\/b>:  Invalid argument supplied for foreach() in <b>\/home\/nimylosczm\/www\/wp-content\/plugins\/unyson\/framework\/includes\/option-types\/typography-v2\/class-fw-option-type-typography-v2.php<\/b> on line <b>148<\/b><br \/>\n<br \/>\n<b>Warning<\/b>:  Invalid argument supplied for foreach() in <b>\/home\/nimylosczm\/www\/wp-content\/plugins\/unyson\/framework\/includes\/option-types\/typography-v2\/class-fw-option-type-typography-v2.php<\/b> on line <b>148<\/b><br \/>\n<br \/>\n<b>Warning<\/b>:  Invalid argument supplied for foreach() in <b>\/home\/nimylosczm\/www\/wp-content\/plugins\/unyson\/framework\/includes\/option-types\/typography-v2\/class-fw-option-type-typography-v2.php<\/b> on line <b>148<\/b><br \/>\n<br \/>\n<b>Warning<\/b>:  Invalid argument supplied for foreach() in <b>\/home\/nimylosczm\/www\/wp-content\/plugins\/unyson\/framework\/includes\/option-types\/typography-v2\/class-fw-option-type-typography-v2.php<\/b> on line <b>148<\/b><br \/>\n<br \/>\n<b>Warning<\/b>:  Invalid argument supplied for foreach() in <b>\/home\/nimylosczm\/www\/wp-content\/plugins\/unyson\/framework\/includes\/option-types\/typography-v2\/class-fw-option-type-typography-v2.php<\/b> on line <b>148<\/b><br \/>\n<br \/>\n<b>Warning<\/b>:  Invalid argument supplied for foreach() in <b>\/home\/nimylosczm\/www\/wp-content\/plugins\/unyson\/framework\/includes\/option-types\/typography-v2\/class-fw-option-type-typography-v2.php<\/b> on line <b>148<\/b><br \/>\n<br \/>\n<b>Warning<\/b>:  Invalid argument supplied for foreach() in <b>\/home\/nimylosczm\/www\/wp-content\/plugins\/unyson\/framework\/includes\/option-types\/typography-v2\/class-fw-option-type-typography-v2.php<\/b> on line <b>148<\/b><br \/>\n<div id=\"lakshmi-section-6796\" class=\"shortcode-section lakshmi-fullwidth-section \" style=\" \">\n    <div class=\"section-layer-holder parallax-window \" data-parallax=\"scroll\" data-image-src=\"\/\/nimyloscristalesmagicos.com\/wp-content\/uploads\/2017\/12\/Fondo-cristales-horizontal.jpg\">\n\t\t        \t\t<div class=\"section-content\" style=\"padding: 0px 0; text-align: left;\">\n        \t<div class=\"container\"><div class=\"fw-row\">\n\t<div class=\"lsi-col fw-col-xs-12 fw-col-sm-8  \" style=\"padding-top: 0px; padding-right: 15px; padding-bottom: 0px; padding-left: 15px;\">\r\n\t\t<h1><span style=\"color: #ffffff;\">Gamificaci\u00f3n<\/span><\/h1><p><span style=\"color: #ffffff;\">La gamificaci\u00f3n es el uso de las din\u00e1micas del juego en entornos diferentes a este, como pueden ser empresas o escuelas, donde normalmente se utiliza con fines did\u00e1cticos. Con los juegos de rol para el aula, solemos pensar que supone una din\u00e1mica muy compleja para\u00a0 el d\u00eda a d\u00eda en clase.<\/span><\/p><p><span style=\"color: #ffffff;\">Nim y los cristales m\u00e1gicos es un proyecto de gamificaci\u00f3n del aula para alumnos de Primaria entre 10 y 13 a\u00f1os. Est\u00e1 basado en las mismas din\u00e1micas de los juegos de rol y su funcionamiento es muy f\u00e1cil. Los alumnos tendr\u00e1n que ir superando retos, desaf\u00edos y aventuras que les har\u00e1n vivir una experiencia \u00fanica, donde la educaci\u00f3n y la diversi\u00f3n se entremezclan de manera sencilla.<\/span><\/p><p><span style=\"color: #ffffff;\">Este proyecto es ideal para aquellos docentes que quieren iniciarse en el apasionante y vigente mundo de la gamificaci\u00f3n de forma f\u00e1cil\u00a0 ya que no se requieren altos conocimientos en nuevas tecnolog\u00edas o juegos de rol para introducirlo en el \u00e1mbito diario de clase. Adem\u00e1s, incluye todo el material necesario para llevarlo a cabo: manual del docente, materiales fotocopiables para los alumnos, fichas de personajes a todo color, tarjetas y cristales.<\/span><\/p>    <\/div><div class=\"lsi-col fw-col-xs-12 fw-col-sm-4   wow bounceIn animated\" data-wow-delay=\"0.6s\" style=\"padding-top: 0px; padding-right: 15px; padding-bottom: 0px; padding-left: 15px;\">\r\n\t\t<img src=\"https:\/\/nimyloscristalesmagicos.com\/wp-content\/uploads\/2018\/02\/medallon-cuadernos-450x450.png\" alt=\"gamificaci\u00f3n\" width=\"450\" height=\"450\" \/>    <\/div><\/div>\n\n<\/div>            <div class=\"clearfix\"><\/div>\n        <\/div>\n\t<\/div>\n<\/div><div id=\"lakshmi-section-5536\" class=\"shortcode-section lakshmi-fullwidth-section \" style=\" \">\n    <div class=\"section-layer-holder parallax-window \" data-parallax=\"scroll\" data-image-src=\"\/\/nimyloscristalesmagicos.es\/wp-content\/uploads\/2018\/01\/Secci\u00f3n2.png\">\n\t\t        \t\t<div class=\"section-content\" style=\"padding: 0px 0; text-align: left;\">\n        \t<div class=\"container\"><div class=\"fw-row\">\n\t<div class=\"lsi-col fw-col-xs-12 fw-col-sm-6  \" style=\"padding-top: 0px; padding-right: 15px; padding-bottom: 0px; padding-left: 15px;\">\r\n\t\t<h2><span style=\"color: #000000;\">Juego<\/span><\/h2><div class=\"lsi-toggle-holder widget widget_tabs\">\r\n\t<div class=\"lsi-toggle\">\r\n    \t        <div class=\"toggle\">\r\n            <h4 class=\"trigger closed\"><a class=\"toggle-arrow\" href=\"#\">Din\u00e1mica del juego<\/a><\/h4>\r\n            <div class=\"lsi-toggle_container togglecolor closed\">Los alumnos tendr\u00e1n que superar una serie de retos, tanto individuales como grupales, para ir subiendo a su personaje de nivel y poder afrontar el reto final.<\/div>\r\n        <\/div>\r\n    \t        <div class=\"toggle\">\r\n            <h4 class=\"trigger closed\"><a class=\"toggle-arrow\" href=\"#\">\u00bfC\u00f3mo se sube de nivel?<\/a><\/h4>\r\n            <div class=\"lsi-toggle_container togglecolor closed\">Para pasar a un nivel superior se deben conseguir cinco cristales, al lograrlos se alcanza el siguiente nivel. El grado m\u00e1ximo que puede alcanzar un personaje es el nivel diez.<\/div>\r\n        <\/div>\r\n    \t        <div class=\"toggle\">\r\n            <h4 class=\"trigger closed\"><a class=\"toggle-arrow\" href=\"#\">\u00bfC\u00f3mo se consiguen los cristales?<\/a><\/h4>\r\n            <div class=\"lsi-toggle_container togglecolor closed\">Los cristales se consiguen a trav\u00e9s de la acumulaci\u00f3n de puntos en la plataforma ClassDojo\u00ae. Por lo tanto, con cada cinco puntos en esta plataforma se obtendr\u00e1 un cristal.\r\n-5 puntos ClassDojo\u00ae:  1 cristal \t\t\r\n-5 cristales: subida de nivel del personaje\r\nEstos cristales y el nivel del personaje quedar\u00e1n reflejados en la ficha del personaje. \r\n<\/div>\r\n        <\/div>\r\n    \t    <\/div>\r\n<\/div>    <\/div><div class=\"lsi-col fw-col-xs-12 fw-col-sm-6  \" style=\"padding-top: 0px; padding-right: 15px; padding-bottom: 0px; padding-left: 15px;\">\r\n\t\t<h2>Puntos<\/h2><div class=\"lsi-toggle-holder widget widget_tabs\">\r\n\t<div class=\"lsi-toggle\">\r\n    \t        <div class=\"toggle\">\r\n            <h4 class=\"trigger closed\"><a class=\"toggle-arrow\" href=\"#\">Mediante el cumplimiento de unos requisitos<\/a><\/h4>\r\n            <div class=\"lsi-toggle_container togglecolor closed\">Mediante el cumplimiento de una serie de requisitos que establezca el profesor para el grupo. Destacar\u00edamos aquellas conductas o comportamientos que se quieren reforzar y premiar en los alumnos. Es totalmente editable a trav\u00e9s de ClassDojo\u00ae.<\/div>\r\n        <\/div>\r\n    \t        <div class=\"toggle\">\r\n            <h4 class=\"trigger closed\"><a class=\"toggle-arrow\" href=\"#\">Mediante retos diarios<\/a><\/h4>\r\n            <div class=\"lsi-toggle_container togglecolor closed\">El juego consta de una baraja de cartas que incluyen peque\u00f1os retos para introducir en la din\u00e1mica de la clase cuando el profesor considere oportuno.\r\n De vez en cuando, es conveniente romper la din\u00e1mica del aula con estas actividades, ya que liberan la mente del alumno y les hace estar m\u00e1s receptivos. Para darle mayor importancia, podemos tener estas cartas guardadas en un cofre o caja decorativa.\r\nA estos retos diarios pueden acceder los alumnos con m\u00e1s puntuaci\u00f3n o por el contrario, los que menos tengan, para ayudarles a que mejoren el nivel de su personaje. Otro m\u00e9todo para la selecci\u00f3n del alumno puede ser a trav\u00e9s de ClassDojo\u00ae.\r\n<\/div>\r\n        <\/div>\r\n    \t        <div class=\"toggle\">\r\n            <h4 class=\"trigger closed\"><a class=\"toggle-arrow\" href=\"#\">Mediante sesiones o eventos<\/a><\/h4>\r\n            <div class=\"lsi-toggle_container togglecolor closed\">Llamamos sesiones o eventos a los acontecimientos importantes que se desarrollan en la narrativa del juego. A trav\u00e9s de ellas, los alumnos se van enfrentando a diversas situaciones y directa o indirectamente se trabajan los objetivos propios del juego. \r\nLa temporalizaci\u00f3n de estas sesiones depende del criterio del profesor. Lo conveniente es que sean semanales, pero si por alguna raz\u00f3n se considera que la separaci\u00f3n entre sesiones sea mayor, hay total libertad. Una de las ventajas de este proyecto de gamificaci\u00f3n es la flexibilidad en su desarrollo. \r\nNos podemos encontrar desaf\u00edos, competiciones azar y cooperaci\u00f3n.<\/div>\r\n        <\/div>\r\n    \t    <\/div>\r\n<\/div>    <\/div><\/div>\n\n<div class=\"fw-row\">\n\t<div class=\"lsi-col fw-col-xs-12 fw-col-sm-6  \" style=\"padding-top: 0px; padding-right: 15px; padding-bottom: 0px; padding-left: 15px;\">\r\n\t\t<h2>\u00a0Jugadores<\/h2><p>Como en la mayor parte de los juegos de rol, este proyecto de gamificaci\u00f3n se basa en una tr\u00edada de personajes que son <strong><span style=\"color: #ff00ff;\">magos, arqueros y guerreros<\/span><\/strong>.<br \/>Cada tipo de personaje tiene unas caracter\u00edsticas espec\u00edficas, tanto a nivel de juego, como a nivel psicol\u00f3gico. Esto puede ayudar a la hora de la distribuci\u00f3n y elecci\u00f3n de los personajes por parte de los alumnos.<\/p>    <\/div><div class=\"lsi-col fw-col-xs-12 fw-col-sm-6  \" style=\"padding-top: 0px; padding-right: 15px; padding-bottom: 0px; padding-left: 15px;\">\r\n\t\t<h2>\u00a0 \u00a0 Objetivos<\/h2><ul><li>Potenciar la <strong><span style=\"color: #ff00ff;\">motivaci\u00f3n<\/span><\/strong> entre el alumnado.<\/li><li>Desarrollar la <strong><span style=\"color: #ff00ff;\">autonom\u00eda<\/span><\/strong> personal.<\/li><li>Favorecer la <strong><span style=\"color: #ff00ff;\">cohesi\u00f3n del grupo<\/span><\/strong>.<\/li><li>Fomentar el <strong><span style=\"color: #ff00ff;\">trabajo cooperativo<\/span><\/strong>.<\/li><li>Reforzar la <strong><span style=\"color: #ff00ff;\">autoestima<\/span><\/strong> de los alumnos.<\/li><li>Desarrollar la <span style=\"color: #ff00ff;\"><strong>creatividad<\/strong><\/span>.<\/li><\/ul>    <\/div><\/div>\n\n<div class=\"fw-row\">\n\t<div class=\"lsi-col fw-col-xs-12 fw-col-sm-8  \" style=\"padding-top: 0px; padding-right: 15px; padding-bottom: 0px; padding-left: 15px;\">\r\n\t\t<div id=\"lsi-the-lakshmi-video\" style=\"border: ;\">\r\n\t<iframe width=\"560\" height=\"315\" src=\"https:\/\/www.youtube.com\/embed\/-AG_wqWT3Rk?feature=oembed\" frameborder=\"0\" allow=\"autoplay; encrypted-media\" allowfullscreen><\/iframe>    <div class=\"clearfix\"><\/div>\r\n<\/div>    <\/div><\/div>\n\n<\/div>            <div class=\"clearfix\"><\/div>\n        <\/div>\n\t<\/div>\n<\/div>\n","protected":false},"excerpt":{"rendered":"<p>Gamificaci\u00f3nLa gamificaci\u00f3n es el uso de las din\u00e1micas del juego en entornos diferentes a este, como pueden ser empresas o escuelas, donde normalmente se utiliza con fines did\u00e1cticos. Con los juegos de rol para el aula, solemos pensar que supone una din\u00e1mica muy compleja para\u00a0 el d\u00eda a d\u00eda en clase.Nim y los cristales m\u00e1gicos [&hellip;]<\/p>\n","protected":false},"author":1,"featured_media":0,"parent":0,"menu_order":0,"comment_status":"closed","ping_status":"closed","template":"","meta":{"_mi_skip_tracking":false},"yoast_head":"<!-- This site is optimized with the Yoast SEO plugin v19.6 - https:\/\/yoast.com\/wordpress\/plugins\/seo\/ -->\n<title>Gamificaci\u00f3n en el aula<\/title>\n<meta name=\"description\" content=\"Nim y los cristales m\u00e1gicos es un proyecto de gamificaci\u00f3n del aula basado en las mismas din\u00e1micas de los juegos de rol. Los alumnos tendr\u00e1n que ir superando retos, desaf\u00edos y aventuras que les har\u00e1n vivir una experiencia \u00fanica, donde la educaci\u00f3n y la diversi\u00f3n se entremezclan de manera sencilla.\" \/>\n<meta name=\"robots\" content=\"index, follow, max-snippet:-1, max-image-preview:large, max-video-preview:-1\" \/>\n<link rel=\"canonical\" href=\"https:\/\/nimyloscristalesmagicos.com\/index.php\/gamificacion\/\" \/>\n<meta property=\"og:locale\" content=\"es_ES\" \/>\n<meta property=\"og:type\" content=\"article\" \/>\n<meta property=\"og:title\" content=\"Gamificaci\u00f3n en el aula\" \/>\n<meta property=\"og:description\" content=\"Nim y los cristales m\u00e1gicos es un proyecto de gamificaci\u00f3n del aula basado en las mismas din\u00e1micas de los juegos de rol. Los alumnos tendr\u00e1n que ir superando retos, desaf\u00edos y aventuras que les har\u00e1n vivir una experiencia \u00fanica, donde la educaci\u00f3n y la diversi\u00f3n se entremezclan de manera sencilla.\" \/>\n<meta property=\"og:url\" content=\"https:\/\/nimyloscristalesmagicos.com\/index.php\/gamificacion\/\" \/>\n<meta property=\"og:site_name\" content=\"Nim y los cristales m\u00e1gicos\" \/>\n<meta property=\"article:modified_time\" content=\"2019-12-03T22:38:12+00:00\" \/>\n<meta property=\"og:image\" content=\"http:\/\/nimyloscristalesmagicos.com\/wp-content\/uploads\/2018\/02\/medallon-cuadernos-450x450.png\" \/>\n<meta name=\"twitter:card\" content=\"summary_large_image\" \/>\n<meta name=\"twitter:label1\" content=\"Tiempo de lectura\" \/>\n\t<meta name=\"twitter:data1\" content=\"4 minutos\" \/>\n<script type=\"application\/ld+json\" class=\"yoast-schema-graph\">{\"@context\":\"https:\/\/schema.org\",\"@graph\":[{\"@type\":\"WebPage\",\"@id\":\"https:\/\/nimyloscristalesmagicos.com\/index.php\/gamificacion\/\",\"url\":\"https:\/\/nimyloscristalesmagicos.com\/index.php\/gamificacion\/\",\"name\":\"Gamificaci\u00f3n en el aula\",\"isPartOf\":{\"@id\":\"https:\/\/nimyloscristalesmagicos.com\/#website\"},\"datePublished\":\"2017-10-09T14:15:13+00:00\",\"dateModified\":\"2019-12-03T22:38:12+00:00\",\"description\":\"Nim y los cristales m\u00e1gicos es un proyecto de gamificaci\u00f3n del aula basado en las mismas din\u00e1micas de los juegos de rol. Los alumnos tendr\u00e1n que ir superando retos, desaf\u00edos y aventuras que les har\u00e1n vivir una experiencia \u00fanica, donde la educaci\u00f3n y la diversi\u00f3n se entremezclan de manera sencilla.\",\"breadcrumb\":{\"@id\":\"https:\/\/nimyloscristalesmagicos.com\/index.php\/gamificacion\/#breadcrumb\"},\"inLanguage\":\"es\",\"potentialAction\":[{\"@type\":\"ReadAction\",\"target\":[\"https:\/\/nimyloscristalesmagicos.com\/index.php\/gamificacion\/\"]}]},{\"@type\":\"BreadcrumbList\",\"@id\":\"https:\/\/nimyloscristalesmagicos.com\/index.php\/gamificacion\/#breadcrumb\",\"itemListElement\":[{\"@type\":\"ListItem\",\"position\":1,\"name\":\"Portada\",\"item\":\"https:\/\/nimyloscristalesmagicos.com\/\"},{\"@type\":\"ListItem\",\"position\":2,\"name\":\"Gamificaci\u00f3n\"}]},{\"@type\":\"WebSite\",\"@id\":\"https:\/\/nimyloscristalesmagicos.com\/#website\",\"url\":\"https:\/\/nimyloscristalesmagicos.com\/\",\"name\":\"Nim y los cristales m\u00e1gicos\",\"description\":\"Gamificaci\u00f3n en el aula\",\"potentialAction\":[{\"@type\":\"SearchAction\",\"target\":{\"@type\":\"EntryPoint\",\"urlTemplate\":\"https:\/\/nimyloscristalesmagicos.com\/?s={search_term_string}\"},\"query-input\":\"required name=search_term_string\"}],\"inLanguage\":\"es\"}]}<\/script>\n<!-- \/ Yoast SEO plugin. -->","yoast_head_json":{"title":"Gamificaci\u00f3n en el aula","description":"Nim y los cristales m\u00e1gicos es un proyecto de gamificaci\u00f3n del aula basado en las mismas din\u00e1micas de los juegos de rol. Los alumnos tendr\u00e1n que ir superando retos, desaf\u00edos y aventuras que les har\u00e1n vivir una experiencia \u00fanica, donde la educaci\u00f3n y la diversi\u00f3n se entremezclan de manera sencilla.","robots":{"index":"index","follow":"follow","max-snippet":"max-snippet:-1","max-image-preview":"max-image-preview:large","max-video-preview":"max-video-preview:-1"},"canonical":"https:\/\/nimyloscristalesmagicos.com\/index.php\/gamificacion\/","og_locale":"es_ES","og_type":"article","og_title":"Gamificaci\u00f3n en el aula","og_description":"Nim y los cristales m\u00e1gicos es un proyecto de gamificaci\u00f3n del aula basado en las mismas din\u00e1micas de los juegos de rol. Los alumnos tendr\u00e1n que ir superando retos, desaf\u00edos y aventuras que les har\u00e1n vivir una experiencia \u00fanica, donde la educaci\u00f3n y la diversi\u00f3n se entremezclan de manera sencilla.","og_url":"https:\/\/nimyloscristalesmagicos.com\/index.php\/gamificacion\/","og_site_name":"Nim y los cristales m\u00e1gicos","article_modified_time":"2019-12-03T22:38:12+00:00","og_image":[{"url":"http:\/\/nimyloscristalesmagicos.com\/wp-content\/uploads\/2018\/02\/medallon-cuadernos-450x450.png"}],"twitter_card":"summary_large_image","twitter_misc":{"Tiempo de lectura":"4 minutos"},"schema":{"@context":"https:\/\/schema.org","@graph":[{"@type":"WebPage","@id":"https:\/\/nimyloscristalesmagicos.com\/index.php\/gamificacion\/","url":"https:\/\/nimyloscristalesmagicos.com\/index.php\/gamificacion\/","name":"Gamificaci\u00f3n en el aula","isPartOf":{"@id":"https:\/\/nimyloscristalesmagicos.com\/#website"},"datePublished":"2017-10-09T14:15:13+00:00","dateModified":"2019-12-03T22:38:12+00:00","description":"Nim y los cristales m\u00e1gicos es un proyecto de gamificaci\u00f3n del aula basado en las mismas din\u00e1micas de los juegos de rol. Los alumnos tendr\u00e1n que ir superando retos, desaf\u00edos y aventuras que les har\u00e1n vivir una experiencia \u00fanica, donde la educaci\u00f3n y la diversi\u00f3n se entremezclan de manera sencilla.","breadcrumb":{"@id":"https:\/\/nimyloscristalesmagicos.com\/index.php\/gamificacion\/#breadcrumb"},"inLanguage":"es","potentialAction":[{"@type":"ReadAction","target":["https:\/\/nimyloscristalesmagicos.com\/index.php\/gamificacion\/"]}]},{"@type":"BreadcrumbList","@id":"https:\/\/nimyloscristalesmagicos.com\/index.php\/gamificacion\/#breadcrumb","itemListElement":[{"@type":"ListItem","position":1,"name":"Portada","item":"https:\/\/nimyloscristalesmagicos.com\/"},{"@type":"ListItem","position":2,"name":"Gamificaci\u00f3n"}]},{"@type":"WebSite","@id":"https:\/\/nimyloscristalesmagicos.com\/#website","url":"https:\/\/nimyloscristalesmagicos.com\/","name":"Nim y los cristales m\u00e1gicos","description":"Gamificaci\u00f3n en el aula","potentialAction":[{"@type":"SearchAction","target":{"@type":"EntryPoint","urlTemplate":"https:\/\/nimyloscristalesmagicos.com\/?s={search_term_string}"},"query-input":"required name=search_term_string"}],"inLanguage":"es"}]}},"_links":{"self":[{"href":"https:\/\/nimyloscristalesmagicos.com\/index.php\/wp-json\/wp\/v2\/pages\/5"}],"collection":[{"href":"https:\/\/nimyloscristalesmagicos.com\/index.php\/wp-json\/wp\/v2\/pages"}],"about":[{"href":"https:\/\/nimyloscristalesmagicos.com\/index.php\/wp-json\/wp\/v2\/types\/page"}],"author":[{"embeddable":true,"href":"https:\/\/nimyloscristalesmagicos.com\/index.php\/wp-json\/wp\/v2\/users\/1"}],"replies":[{"embeddable":true,"href":"https:\/\/nimyloscristalesmagicos.com\/index.php\/wp-json\/wp\/v2\/comments?post=5"}],"version-history":[{"count":150,"href":"https:\/\/nimyloscristalesmagicos.com\/index.php\/wp-json\/wp\/v2\/pages\/5\/revisions"}],"predecessor-version":[{"id":1509,"href":"https:\/\/nimyloscristalesmagicos.com\/index.php\/wp-json\/wp\/v2\/pages\/5\/revisions\/1509"}],"wp:attachment":[{"href":"https:\/\/nimyloscristalesmagicos.com\/index.php\/wp-json\/wp\/v2\/media?parent=5"}],"curies":[{"name":"wp","href":"https:\/\/api.w.org\/{rel}","templated":true}]}}