{"id":349,"date":"2017-11-19T19:24:29","date_gmt":"2017-11-19T19:24:29","guid":{"rendered":"http:\/\/nimyloscristalesmagicos.com\/?page_id=349"},"modified":"2019-12-03T22:45:09","modified_gmt":"2019-12-03T22:45:09","slug":"drake","status":"publish","type":"page","link":"https:\/\/nimyloscristalesmagicos.com\/index.php\/drake\/","title":{"rendered":"Drake"},"content":{"rendered":"<br \/>\n<b>Warning<\/b>:  Invalid argument supplied for foreach() in <b>\/home\/nimylosczm\/www\/wp-content\/plugins\/unyson\/framework\/includes\/option-types\/typography-v2\/class-fw-option-type-typography-v2.php<\/b> on line <b>148<\/b><br \/>\n<br \/>\n<b>Warning<\/b>:  Invalid argument supplied for foreach() in <b>\/home\/nimylosczm\/www\/wp-content\/plugins\/unyson\/framework\/includes\/option-types\/typography-v2\/class-fw-option-type-typography-v2.php<\/b> on line <b>148<\/b><br \/>\n<br \/>\n<b>Warning<\/b>:  Invalid argument supplied for foreach() in <b>\/home\/nimylosczm\/www\/wp-content\/plugins\/unyson\/framework\/includes\/option-types\/typography-v2\/class-fw-option-type-typography-v2.php<\/b> on line <b>148<\/b><br \/>\n<br \/>\n<b>Warning<\/b>:  Invalid argument supplied for foreach() in <b>\/home\/nimylosczm\/www\/wp-content\/plugins\/unyson\/framework\/includes\/option-types\/typography-v2\/class-fw-option-type-typography-v2.php<\/b> on line <b>148<\/b><br \/>\n<br \/>\n<b>Warning<\/b>:  Invalid argument supplied for foreach() in <b>\/home\/nimylosczm\/www\/wp-content\/plugins\/unyson\/framework\/includes\/option-types\/typography-v2\/class-fw-option-type-typography-v2.php<\/b> on line <b>148<\/b><br \/>\n<br \/>\n<b>Warning<\/b>:  Invalid argument supplied for foreach() in <b>\/home\/nimylosczm\/www\/wp-content\/plugins\/unyson\/framework\/includes\/option-types\/typography-v2\/class-fw-option-type-typography-v2.php<\/b> on line <b>148<\/b><br \/>\n<br \/>\n<b>Warning<\/b>:  Invalid argument supplied for foreach() in <b>\/home\/nimylosczm\/www\/wp-content\/plugins\/unyson\/framework\/includes\/option-types\/typography-v2\/class-fw-option-type-typography-v2.php<\/b> on line <b>148<\/b><br \/>\n<br \/>\n<b>Warning<\/b>:  Invalid argument supplied for foreach() in <b>\/home\/nimylosczm\/www\/wp-content\/plugins\/unyson\/framework\/includes\/option-types\/typography-v2\/class-fw-option-type-typography-v2.php<\/b> on line <b>148<\/b><br \/>\n<br \/>\n<b>Warning<\/b>:  Invalid argument supplied for foreach() in <b>\/home\/nimylosczm\/www\/wp-content\/plugins\/unyson\/framework\/includes\/option-types\/typography-v2\/class-fw-option-type-typography-v2.php<\/b> on line <b>148<\/b><br \/>\n<br \/>\n<b>Warning<\/b>:  Invalid argument supplied for foreach() in <b>\/home\/nimylosczm\/www\/wp-content\/plugins\/unyson\/framework\/includes\/option-types\/typography-v2\/class-fw-option-type-typography-v2.php<\/b> on line <b>148<\/b><br \/>\n<br \/>\n<b>Warning<\/b>:  Invalid argument supplied for foreach() in <b>\/home\/nimylosczm\/www\/wp-content\/plugins\/unyson\/framework\/includes\/option-types\/typography-v2\/class-fw-option-type-typography-v2.php<\/b> on line <b>148<\/b><br \/>\n<br \/>\n<b>Warning<\/b>:  Invalid argument supplied for foreach() in <b>\/home\/nimylosczm\/www\/wp-content\/plugins\/unyson\/framework\/includes\/option-types\/typography-v2\/class-fw-option-type-typography-v2.php<\/b> on line <b>148<\/b><br \/>\n<br \/>\n<b>Warning<\/b>:  Invalid argument supplied for foreach() in <b>\/home\/nimylosczm\/www\/wp-content\/plugins\/unyson\/framework\/includes\/option-types\/typography-v2\/class-fw-option-type-typography-v2.php<\/b> on line <b>148<\/b><br \/>\n<br \/>\n<b>Warning<\/b>:  Invalid argument supplied for foreach() in <b>\/home\/nimylosczm\/www\/wp-content\/plugins\/unyson\/framework\/includes\/option-types\/typography-v2\/class-fw-option-type-typography-v2.php<\/b> on line <b>148<\/b><br \/>\n<br \/>\n<b>Warning<\/b>:  Invalid argument supplied for foreach() in <b>\/home\/nimylosczm\/www\/wp-content\/plugins\/unyson\/framework\/includes\/option-types\/typography-v2\/class-fw-option-type-typography-v2.php<\/b> on line <b>148<\/b><br \/>\n<br \/>\n<b>Warning<\/b>:  Invalid argument supplied for foreach() in <b>\/home\/nimylosczm\/www\/wp-content\/plugins\/unyson\/framework\/includes\/option-types\/typography-v2\/class-fw-option-type-typography-v2.php<\/b> on line <b>148<\/b><br \/>\n<br \/>\n<b>Warning<\/b>:  Invalid argument supplied for foreach() in <b>\/home\/nimylosczm\/www\/wp-content\/plugins\/unyson\/framework\/includes\/option-types\/typography-v2\/class-fw-option-type-typography-v2.php<\/b> on line <b>148<\/b><br \/>\n<br \/>\n<b>Warning<\/b>:  Invalid argument supplied for foreach() in <b>\/home\/nimylosczm\/www\/wp-content\/plugins\/unyson\/framework\/includes\/option-types\/typography-v2\/class-fw-option-type-typography-v2.php<\/b> on line <b>148<\/b><br \/>\n<br \/>\n<b>Warning<\/b>:  Invalid argument supplied for foreach() in <b>\/home\/nimylosczm\/www\/wp-content\/plugins\/unyson\/framework\/includes\/option-types\/typography-v2\/class-fw-option-type-typography-v2.php<\/b> on line <b>148<\/b><br \/>\n<br \/>\n<b>Warning<\/b>:  Invalid argument supplied for foreach() in <b>\/home\/nimylosczm\/www\/wp-content\/plugins\/unyson\/framework\/includes\/option-types\/typography-v2\/class-fw-option-type-typography-v2.php<\/b> on line <b>148<\/b><br \/>\n<br \/>\n<b>Warning<\/b>:  Invalid argument supplied for foreach() in <b>\/home\/nimylosczm\/www\/wp-content\/plugins\/unyson\/framework\/includes\/option-types\/typography-v2\/class-fw-option-type-typography-v2.php<\/b> on line <b>148<\/b><br \/>\n<br \/>\n<b>Warning<\/b>:  Invalid argument supplied for foreach() in <b>\/home\/nimylosczm\/www\/wp-content\/plugins\/unyson\/framework\/includes\/option-types\/typography-v2\/class-fw-option-type-typography-v2.php<\/b> on line <b>148<\/b><br \/>\n<br \/>\n<b>Warning<\/b>:  Invalid argument supplied for foreach() in <b>\/home\/nimylosczm\/www\/wp-content\/plugins\/unyson\/framework\/includes\/option-types\/typography-v2\/class-fw-option-type-typography-v2.php<\/b> on line <b>148<\/b><br \/>\n<br \/>\n<b>Warning<\/b>:  Invalid argument supplied for foreach() in <b>\/home\/nimylosczm\/www\/wp-content\/plugins\/unyson\/framework\/includes\/option-types\/typography-v2\/class-fw-option-type-typography-v2.php<\/b> on line <b>148<\/b><br \/>\n<br \/>\n<b>Warning<\/b>:  Invalid argument supplied for foreach() in <b>\/home\/nimylosczm\/www\/wp-content\/plugins\/unyson\/framework\/includes\/option-types\/typography-v2\/class-fw-option-type-typography-v2.php<\/b> on line <b>148<\/b><br \/>\n<br \/>\n<b>Warning<\/b>:  Invalid argument supplied for foreach() in <b>\/home\/nimylosczm\/www\/wp-content\/plugins\/unyson\/framework\/includes\/option-types\/typography-v2\/class-fw-option-type-typography-v2.php<\/b> on line <b>148<\/b><br \/>\n<div id=\"lakshmi-section-4575\" class=\"shortcode-section lakshmi-fullwidth-section \" style=\" \">\n    <div class=\"section-layer-holder parallax-window \" data-parallax=\"scroll\" data-image-src=\"\/\/nimyloscristalesmagicos.com\/wp-content\/uploads\/2018\/01\/puente_rio-4.jpg\">\n\t\t        \t\t<div class=\"section-content\" style=\"padding: 0px 0; text-align: left;\">\n        \t<div class=\"container\"><div class=\"fw-row\">\n\t<div class=\"lsi-col fw-col-xs-12 fw-col-sm-6  \" style=\"padding-top: 0px; padding-right: 15px; padding-bottom: 0px; padding-left: 15px;\">\r\n\t\t<h1><span style=\"color: #ffffff;\">Drake, la amenaza del drag\u00f3n oscuro<\/span><\/h1><p><span style=\"color: #ffffff;\">Drake es el hermano de Nim y aunque en su infancia ten\u00edan buena relaci\u00f3n y compart\u00edan juegos, pronto se dej\u00f3 llevar por la oscuridad para llegar a ser todopoderoso. Aprendi\u00f3 magia negra y su sed de poder pronto le hizo reunir una oscura corporaci\u00f3n que le ayud\u00f3 a hechizar a Nim y de este modo transformarle en miles de cristales m\u00e1gicos. Drake y todos sus secuaces har\u00e1n lo posible para que Nim y su orden no vuelvan a recuperar el control y la calma de estas tierras.<\/span><\/p>    <\/div><div class=\"lsi-col fw-col-xs-12 fw-col-sm-6  \" style=\"padding-top: 0px; padding-right: 15px; padding-bottom: 0px; padding-left: 15px;\">\r\n\t\t<img src=\"https:\/\/nimyloscristalesmagicos.com\/wp-content\/uploads\/2018\/01\/Drag\u00f3n-NEGRO-3-400x400.png\" alt=\"https:\/\/nimyloscristalesmagicos.com\/wp-content\/uploads\/2018\/01\/Drag\u00f3n-NEGRO-3-400x400.png\" width=\"400\" height=\"400\" \/>    <\/div><\/div>\n\n<\/div>            <div class=\"clearfix\"><\/div>\n        <\/div>\n\t<\/div>\n<\/div><div id=\"lakshmi-section-2927\" class=\"shortcode-section lakshmi-fullwidth-section \" style=\" \">\n    <div class=\"section-layer-holder parallax-window \" data-parallax=\"scroll\" data-image-src=\"\/\/nimyloscristalesmagicos.com\/wp-content\/uploads\/2018\/01\/Secci\u00f3n6.png\">\n\t\t        \t\t<div class=\"section-content\" style=\"padding: 0px 0; text-align: left;\">\n        \t<div class=\"container\"><div class=\"fw-row\">\n\t<div class=\"lsi-col fw-col-xs-12 fw-col-sm-4  \" style=\"padding-top: 0px; padding-right: 15px; padding-bottom: 0px; padding-left: 15px;\">\r\n\t\t<h2><span style=\"color: #000000;\">La oscura corporaci\u00f3n de Drake<\/span><\/h2><p><span style=\"color: #000000;\">Con el paso del tiempo, Drake ha encontrado a oscuros personajes que le ayudar\u00e1n a mantener a Nim fuera de juego. De este modo viven con total impunidad sus diferentes y oscuros planes.<\/span><\/p>    <\/div><div class=\"lsi-col fw-col-xs-12 fw-col-sm-4  \" style=\"padding-top: 15px; padding-right: 15px; padding-bottom: 0px; padding-left: 15px;\">\r\n\t\t<div class=\"lsi-imagebox\">\n\t\t<div class=\"image\">\n\t\t        <a href=\"\/\/nimyloscristalesmagicos.com\/wp-content\/uploads\/2018\/01\/Gigantes.png\" data-gal=\"prettyPhoto[0]\">\n        \t\t\t<img src=\"\/\/nimyloscristalesmagicos.com\/wp-content\/uploads\/2018\/01\/Gigantes.png\" alt=\"Gigantes\"\/>\n\t\t        <\/a>\n        \t<\/div>\n    \t<div class=\"text\">\n    \t\t\t\t<h4 class=\"name\">Gigantes<\/h4>\n    \t\t\t<div class=\"desc\">Estos gigantes destacan por su fuerza y simplicidad. No responden a razones y el ego\u00edsmo les domina.<\/div>\n    <\/div>\n<\/div>    <\/div><div class=\"lsi-col fw-col-xs-12 fw-col-sm-4  \" style=\"padding-top: 15px; padding-right: 15px; padding-bottom: 0px; padding-left: 15px;\">\r\n\t\t<div class=\"lsi-imagebox\">\n\t\t<div class=\"image\">\n\t\t        <a href=\"\/\/nimyloscristalesmagicos.com\/wp-content\/uploads\/2018\/01\/Kendall.png\" data-gal=\"prettyPhoto[0]\">\n        \t\t\t<img src=\"\/\/nimyloscristalesmagicos.com\/wp-content\/uploads\/2018\/01\/Kendall.png\" alt=\"Kendall\"\/>\n\t\t        <\/a>\n        \t<\/div>\n    \t<div class=\"text\">\n    \t\t\t\t<h4 class=\"name\">Kendall<\/h4>\n    \t\t\t<div class=\"desc\">Kendall es una bruja obsesionada con el poder y no le importa el precio a pagar por conseguirlo. Est\u00e1 especializada en hechizos y usa su varita con rapidez cuando se siente amenazada.<\/div>\n    <\/div>\n<\/div>    <\/div><\/div>\n\n<div class=\"fw-row\">\n\t<div class=\"lsi-col fw-col-xs-12 fw-col-sm-4  \" style=\"padding-top: 0px; padding-right: 15px; padding-bottom: 0px; padding-left: 15px;\">\r\n\t\t<div class=\"lsi-imagebox\">\n\t\t<div class=\"image\">\n\t\t        <a href=\"\/\/nimyloscristalesmagicos.com\/wp-content\/uploads\/2018\/01\/Darkburn.png\" data-gal=\"prettyPhoto[0]\">\n        \t\t\t<img src=\"\/\/nimyloscristalesmagicos.com\/wp-content\/uploads\/2018\/01\/Darkburn.png\" alt=\"Darkburn\"\/>\n\t\t        <\/a>\n        \t<\/div>\n    \t<div class=\"text\">\n    \t\t\t\t<h4 class=\"name\">Darkburn<\/h4>\n    \t\t\t<div class=\"desc\">Darkburn es el hechicero de la oscuridad. Su poder radica en potenciar todos los aspectos negativos que tienen las personas. S\u00f3lo los corazones puros se libran de su influencia.<\/div>\n    <\/div>\n<\/div>    <\/div><div class=\"lsi-col fw-col-xs-12 fw-col-sm-4  \" style=\"padding-top: 0px; padding-right: 15px; padding-bottom: 0px; padding-left: 15px;\">\r\n\t\t<div class=\"lsi-imagebox\">\n\t\t<div class=\"image\">\n\t\t        <a href=\"\/\/nimyloscristalesmagicos.com\/wp-content\/uploads\/2018\/01\/Ogros-1.png\" data-gal=\"prettyPhoto[0]\">\n        \t\t\t<img src=\"\/\/nimyloscristalesmagicos.com\/wp-content\/uploads\/2018\/01\/Ogros-1.png\" alt=\"Ogros\"\/>\n\t\t        <\/a>\n        \t<\/div>\n    \t<div class=\"text\">\n    \t\t\t\t<h4 class=\"name\">Ogros<\/h4>\n    \t\t\t<div class=\"desc\">Los ogros son dominados por sus miedos y frustraciones. Esto hace que saquen su ira hacia los dem\u00e1s. <\/div>\n    <\/div>\n<\/div>    <\/div><div class=\"lsi-col fw-col-xs-12 fw-col-sm-4  \" style=\"padding-top: 0px; padding-right: 15px; padding-bottom: 0px; padding-left: 15px;\">\r\n\t\t<div class=\"lsi-imagebox\">\n\t\t<div class=\"image\">\n\t\t        <a href=\"\/\/nimyloscristalesmagicos.com\/wp-content\/uploads\/2018\/01\/Rastreadores-1.png\" data-gal=\"prettyPhoto[0]\">\n        \t\t\t<img src=\"\/\/nimyloscristalesmagicos.com\/wp-content\/uploads\/2018\/01\/Rastreadores-1.png\" alt=\"Rastreadores\"\/>\n\t\t        <\/a>\n        \t<\/div>\n    \t<div class=\"text\">\n    \t\t\t\t<h4 class=\"name\">Rastreadores<\/h4>\n    \t\t\t<div class=\"desc\">Tienen como misi\u00f3n evitar que la orden de Nim encuentre los cristales m\u00e1gicos antes que ellos. Son h\u00e1biles, astutos y se apoyar\u00e1n en la mentira para lograr su objetivo.<\/div>\n    <\/div>\n<\/div>    <\/div><\/div>\n\n<\/div>            <div class=\"clearfix\"><\/div>\n        <\/div>\n\t<\/div>\n<\/div>\n","protected":false},"excerpt":{"rendered":"<p>Drake, la amenaza del drag\u00f3n oscuroDrake es el hermano de Nim y aunque en su infancia ten\u00edan buena relaci\u00f3n y compart\u00edan juegos, pronto se dej\u00f3 llevar por la oscuridad para llegar a ser todopoderoso. Aprendi\u00f3 magia negra y su sed de poder pronto le hizo reunir una oscura corporaci\u00f3n que le ayud\u00f3 a hechizar a [&hellip;]<\/p>\n","protected":false},"author":1,"featured_media":1304,"parent":0,"menu_order":0,"comment_status":"closed","ping_status":"closed","template":"","meta":{"_mi_skip_tracking":false},"yoast_head":"<!-- This site is optimized with the Yoast SEO plugin v19.6 - https:\/\/yoast.com\/wordpress\/plugins\/seo\/ -->\n<title>Drake el drag\u00f3n oscuro<\/title>\n<meta name=\"description\" content=\"Drake es el hermano de Nim. Se dej\u00f3 llevar por la oscuridad para llegar a ser todopoderoso. Aprendi\u00f3 magia negra y reuni\u00f3 una oscura corporaci\u00f3n que le ayud\u00f3 a hechizar a Nim para transformarle en cristales m\u00e1gicos.\" \/>\n<meta name=\"robots\" content=\"index, follow, max-snippet:-1, max-image-preview:large, max-video-preview:-1\" \/>\n<link rel=\"canonical\" href=\"https:\/\/nimyloscristalesmagicos.com\/index.php\/drake\/\" \/>\n<meta property=\"og:locale\" content=\"es_ES\" \/>\n<meta property=\"og:type\" content=\"article\" \/>\n<meta property=\"og:title\" content=\"Drake el drag\u00f3n oscuro\" \/>\n<meta property=\"og:description\" content=\"Drake es el hermano de Nim. Se dej\u00f3 llevar por la oscuridad para llegar a ser todopoderoso. Aprendi\u00f3 magia negra y reuni\u00f3 una oscura corporaci\u00f3n que le ayud\u00f3 a hechizar a Nim para transformarle en cristales m\u00e1gicos.\" \/>\n<meta property=\"og:url\" content=\"https:\/\/nimyloscristalesmagicos.com\/index.php\/drake\/\" \/>\n<meta property=\"og:site_name\" content=\"Nim y los cristales m\u00e1gicos\" \/>\n<meta property=\"article:modified_time\" content=\"2019-12-03T22:45:09+00:00\" \/>\n<meta property=\"og:image\" content=\"https:\/\/nimyloscristalesmagicos.com\/wp-content\/uploads\/2018\/02\/Drake.jpg\" \/>\n\t<meta property=\"og:image:width\" content=\"900\" \/>\n\t<meta property=\"og:image:height\" content=\"900\" \/>\n\t<meta property=\"og:image:type\" content=\"image\/jpeg\" \/>\n<meta name=\"twitter:card\" content=\"summary_large_image\" \/>\n<meta name=\"twitter:label1\" content=\"Tiempo de lectura\" \/>\n\t<meta name=\"twitter:data1\" content=\"1 minuto\" \/>\n<script type=\"application\/ld+json\" class=\"yoast-schema-graph\">{\"@context\":\"https:\/\/schema.org\",\"@graph\":[{\"@type\":\"WebPage\",\"@id\":\"https:\/\/nimyloscristalesmagicos.com\/index.php\/drake\/\",\"url\":\"https:\/\/nimyloscristalesmagicos.com\/index.php\/drake\/\",\"name\":\"Drake el drag\u00f3n oscuro\",\"isPartOf\":{\"@id\":\"https:\/\/nimyloscristalesmagicos.com\/#website\"},\"datePublished\":\"2017-11-19T19:24:29+00:00\",\"dateModified\":\"2019-12-03T22:45:09+00:00\",\"description\":\"Drake es el hermano de Nim. Se dej\u00f3 llevar por la oscuridad para llegar a ser todopoderoso. Aprendi\u00f3 magia negra y reuni\u00f3 una oscura corporaci\u00f3n que le ayud\u00f3 a hechizar a Nim para transformarle en cristales m\u00e1gicos.\",\"breadcrumb\":{\"@id\":\"https:\/\/nimyloscristalesmagicos.com\/index.php\/drake\/#breadcrumb\"},\"inLanguage\":\"es\",\"potentialAction\":[{\"@type\":\"ReadAction\",\"target\":[\"https:\/\/nimyloscristalesmagicos.com\/index.php\/drake\/\"]}]},{\"@type\":\"BreadcrumbList\",\"@id\":\"https:\/\/nimyloscristalesmagicos.com\/index.php\/drake\/#breadcrumb\",\"itemListElement\":[{\"@type\":\"ListItem\",\"position\":1,\"name\":\"Portada\",\"item\":\"https:\/\/nimyloscristalesmagicos.com\/\"},{\"@type\":\"ListItem\",\"position\":2,\"name\":\"Drake\"}]},{\"@type\":\"WebSite\",\"@id\":\"https:\/\/nimyloscristalesmagicos.com\/#website\",\"url\":\"https:\/\/nimyloscristalesmagicos.com\/\",\"name\":\"Nim y los cristales m\u00e1gicos\",\"description\":\"Gamificaci\u00f3n en el aula\",\"potentialAction\":[{\"@type\":\"SearchAction\",\"target\":{\"@type\":\"EntryPoint\",\"urlTemplate\":\"https:\/\/nimyloscristalesmagicos.com\/?s={search_term_string}\"},\"query-input\":\"required name=search_term_string\"}],\"inLanguage\":\"es\"}]}<\/script>\n<!-- \/ Yoast SEO plugin. -->","yoast_head_json":{"title":"Drake el drag\u00f3n oscuro","description":"Drake es el hermano de Nim. Se dej\u00f3 llevar por la oscuridad para llegar a ser todopoderoso. Aprendi\u00f3 magia negra y reuni\u00f3 una oscura corporaci\u00f3n que le ayud\u00f3 a hechizar a Nim para transformarle en cristales m\u00e1gicos.","robots":{"index":"index","follow":"follow","max-snippet":"max-snippet:-1","max-image-preview":"max-image-preview:large","max-video-preview":"max-video-preview:-1"},"canonical":"https:\/\/nimyloscristalesmagicos.com\/index.php\/drake\/","og_locale":"es_ES","og_type":"article","og_title":"Drake el drag\u00f3n oscuro","og_description":"Drake es el hermano de Nim. Se dej\u00f3 llevar por la oscuridad para llegar a ser todopoderoso. Aprendi\u00f3 magia negra y reuni\u00f3 una oscura corporaci\u00f3n que le ayud\u00f3 a hechizar a Nim para transformarle en cristales m\u00e1gicos.","og_url":"https:\/\/nimyloscristalesmagicos.com\/index.php\/drake\/","og_site_name":"Nim y los cristales m\u00e1gicos","article_modified_time":"2019-12-03T22:45:09+00:00","og_image":[{"width":900,"height":900,"url":"https:\/\/nimyloscristalesmagicos.com\/wp-content\/uploads\/2018\/02\/Drake.jpg","type":"image\/jpeg"}],"twitter_card":"summary_large_image","twitter_misc":{"Tiempo de lectura":"1 minuto"},"schema":{"@context":"https:\/\/schema.org","@graph":[{"@type":"WebPage","@id":"https:\/\/nimyloscristalesmagicos.com\/index.php\/drake\/","url":"https:\/\/nimyloscristalesmagicos.com\/index.php\/drake\/","name":"Drake el drag\u00f3n oscuro","isPartOf":{"@id":"https:\/\/nimyloscristalesmagicos.com\/#website"},"datePublished":"2017-11-19T19:24:29+00:00","dateModified":"2019-12-03T22:45:09+00:00","description":"Drake es el hermano de Nim. Se dej\u00f3 llevar por la oscuridad para llegar a ser todopoderoso. Aprendi\u00f3 magia negra y reuni\u00f3 una oscura corporaci\u00f3n que le ayud\u00f3 a hechizar a Nim para transformarle en cristales m\u00e1gicos.","breadcrumb":{"@id":"https:\/\/nimyloscristalesmagicos.com\/index.php\/drake\/#breadcrumb"},"inLanguage":"es","potentialAction":[{"@type":"ReadAction","target":["https:\/\/nimyloscristalesmagicos.com\/index.php\/drake\/"]}]},{"@type":"BreadcrumbList","@id":"https:\/\/nimyloscristalesmagicos.com\/index.php\/drake\/#breadcrumb","itemListElement":[{"@type":"ListItem","position":1,"name":"Portada","item":"https:\/\/nimyloscristalesmagicos.com\/"},{"@type":"ListItem","position":2,"name":"Drake"}]},{"@type":"WebSite","@id":"https:\/\/nimyloscristalesmagicos.com\/#website","url":"https:\/\/nimyloscristalesmagicos.com\/","name":"Nim y los cristales m\u00e1gicos","description":"Gamificaci\u00f3n en el aula","potentialAction":[{"@type":"SearchAction","target":{"@type":"EntryPoint","urlTemplate":"https:\/\/nimyloscristalesmagicos.com\/?s={search_term_string}"},"query-input":"required name=search_term_string"}],"inLanguage":"es"}]}},"_links":{"self":[{"href":"https:\/\/nimyloscristalesmagicos.com\/index.php\/wp-json\/wp\/v2\/pages\/349"}],"collection":[{"href":"https:\/\/nimyloscristalesmagicos.com\/index.php\/wp-json\/wp\/v2\/pages"}],"about":[{"href":"https:\/\/nimyloscristalesmagicos.com\/index.php\/wp-json\/wp\/v2\/types\/page"}],"author":[{"embeddable":true,"href":"https:\/\/nimyloscristalesmagicos.com\/index.php\/wp-json\/wp\/v2\/users\/1"}],"replies":[{"embeddable":true,"href":"https:\/\/nimyloscristalesmagicos.com\/index.php\/wp-json\/wp\/v2\/comments?post=349"}],"version-history":[{"count":33,"href":"https:\/\/nimyloscristalesmagicos.com\/index.php\/wp-json\/wp\/v2\/pages\/349\/revisions"}],"predecessor-version":[{"id":1516,"href":"https:\/\/nimyloscristalesmagicos.com\/index.php\/wp-json\/wp\/v2\/pages\/349\/revisions\/1516"}],"wp:featuredmedia":[{"embeddable":true,"href":"https:\/\/nimyloscristalesmagicos.com\/index.php\/wp-json\/wp\/v2\/media\/1304"}],"wp:attachment":[{"href":"https:\/\/nimyloscristalesmagicos.com\/index.php\/wp-json\/wp\/v2\/media?parent=349"}],"curies":[{"name":"wp","href":"https:\/\/api.w.org\/{rel}","templated":true}]}}