{"id":123,"date":"2017-10-13T15:41:33","date_gmt":"2017-10-13T15:41:33","guid":{"rendered":"http:\/\/nimyloscristalesmagicos.com\/?page_id=123"},"modified":"2019-12-03T22:50:29","modified_gmt":"2019-12-03T22:50:29","slug":"guerrerosyguerreras","status":"publish","type":"page","link":"https:\/\/nimyloscristalesmagicos.com\/index.php\/guerrerosyguerreras\/","title":{"rendered":"Guerreros y guerreras"},"content":{"rendered":"<br \/>\n<b>Warning<\/b>:  Invalid argument supplied for foreach() in <b>\/home\/nimylosczm\/www\/wp-content\/plugins\/unyson\/framework\/includes\/option-types\/typography-v2\/class-fw-option-type-typography-v2.php<\/b> on line <b>148<\/b><br \/>\n<br \/>\n<b>Warning<\/b>:  Invalid argument supplied for foreach() in <b>\/home\/nimylosczm\/www\/wp-content\/plugins\/unyson\/framework\/includes\/option-types\/typography-v2\/class-fw-option-type-typography-v2.php<\/b> on line <b>148<\/b><br \/>\n<br \/>\n<b>Warning<\/b>:  Invalid argument supplied for foreach() in <b>\/home\/nimylosczm\/www\/wp-content\/plugins\/unyson\/framework\/includes\/option-types\/typography-v2\/class-fw-option-type-typography-v2.php<\/b> on line <b>148<\/b><br \/>\n<br \/>\n<b>Warning<\/b>:  Invalid argument supplied for foreach() in <b>\/home\/nimylosczm\/www\/wp-content\/plugins\/unyson\/framework\/includes\/option-types\/typography-v2\/class-fw-option-type-typography-v2.php<\/b> on line <b>148<\/b><br \/>\n<br \/>\n<b>Warning<\/b>:  Invalid argument supplied for foreach() in <b>\/home\/nimylosczm\/www\/wp-content\/plugins\/unyson\/framework\/includes\/option-types\/typography-v2\/class-fw-option-type-typography-v2.php<\/b> on line <b>148<\/b><br \/>\n<br \/>\n<b>Warning<\/b>:  Invalid argument supplied for foreach() in <b>\/home\/nimylosczm\/www\/wp-content\/plugins\/unyson\/framework\/includes\/option-types\/typography-v2\/class-fw-option-type-typography-v2.php<\/b> on line <b>148<\/b><br \/>\n<br \/>\n<b>Warning<\/b>:  Invalid argument supplied for foreach() in <b>\/home\/nimylosczm\/www\/wp-content\/plugins\/unyson\/framework\/includes\/option-types\/typography-v2\/class-fw-option-type-typography-v2.php<\/b> on line <b>148<\/b><br \/>\n<br \/>\n<b>Warning<\/b>:  Invalid argument supplied for foreach() in <b>\/home\/nimylosczm\/www\/wp-content\/plugins\/unyson\/framework\/includes\/option-types\/typography-v2\/class-fw-option-type-typography-v2.php<\/b> on line <b>148<\/b><br \/>\n<br \/>\n<b>Warning<\/b>:  Invalid argument supplied for foreach() in <b>\/home\/nimylosczm\/www\/wp-content\/plugins\/unyson\/framework\/includes\/option-types\/typography-v2\/class-fw-option-type-typography-v2.php<\/b> on line <b>148<\/b><br \/>\n<br \/>\n<b>Warning<\/b>:  Invalid argument supplied for foreach() in <b>\/home\/nimylosczm\/www\/wp-content\/plugins\/unyson\/framework\/includes\/option-types\/typography-v2\/class-fw-option-type-typography-v2.php<\/b> on line <b>148<\/b><br \/>\n<br \/>\n<b>Warning<\/b>:  Invalid argument supplied for foreach() in <b>\/home\/nimylosczm\/www\/wp-content\/plugins\/unyson\/framework\/includes\/option-types\/typography-v2\/class-fw-option-type-typography-v2.php<\/b> on line <b>148<\/b><br \/>\n<br \/>\n<b>Warning<\/b>:  Invalid argument supplied for foreach() in <b>\/home\/nimylosczm\/www\/wp-content\/plugins\/unyson\/framework\/includes\/option-types\/typography-v2\/class-fw-option-type-typography-v2.php<\/b> on line <b>148<\/b><br \/>\n<br \/>\n<b>Warning<\/b>:  Invalid argument supplied for foreach() in <b>\/home\/nimylosczm\/www\/wp-content\/plugins\/unyson\/framework\/includes\/option-types\/typography-v2\/class-fw-option-type-typography-v2.php<\/b> on line <b>148<\/b><br \/>\n<br \/>\n<b>Warning<\/b>:  Invalid argument supplied for foreach() in <b>\/home\/nimylosczm\/www\/wp-content\/plugins\/unyson\/framework\/includes\/option-types\/typography-v2\/class-fw-option-type-typography-v2.php<\/b> on line <b>148<\/b><br \/>\n<br \/>\n<b>Warning<\/b>:  Invalid argument supplied for foreach() in <b>\/home\/nimylosczm\/www\/wp-content\/plugins\/unyson\/framework\/includes\/option-types\/typography-v2\/class-fw-option-type-typography-v2.php<\/b> on line <b>148<\/b><br \/>\n<br \/>\n<b>Warning<\/b>:  Invalid argument supplied for foreach() in <b>\/home\/nimylosczm\/www\/wp-content\/plugins\/unyson\/framework\/includes\/option-types\/typography-v2\/class-fw-option-type-typography-v2.php<\/b> on line <b>148<\/b><br \/>\n<br \/>\n<b>Warning<\/b>:  Invalid argument supplied for foreach() in <b>\/home\/nimylosczm\/www\/wp-content\/plugins\/unyson\/framework\/includes\/option-types\/typography-v2\/class-fw-option-type-typography-v2.php<\/b> on line <b>148<\/b><br \/>\n<br \/>\n<b>Warning<\/b>:  Invalid argument supplied for foreach() in <b>\/home\/nimylosczm\/www\/wp-content\/plugins\/unyson\/framework\/includes\/option-types\/typography-v2\/class-fw-option-type-typography-v2.php<\/b> on line <b>148<\/b><br \/>\n<br \/>\n<b>Warning<\/b>:  Invalid argument supplied for foreach() in <b>\/home\/nimylosczm\/www\/wp-content\/plugins\/unyson\/framework\/includes\/option-types\/typography-v2\/class-fw-option-type-typography-v2.php<\/b> on line <b>148<\/b><br \/>\n<br \/>\n<b>Warning<\/b>:  Invalid argument supplied for foreach() in <b>\/home\/nimylosczm\/www\/wp-content\/plugins\/unyson\/framework\/includes\/option-types\/typography-v2\/class-fw-option-type-typography-v2.php<\/b> on line <b>148<\/b><br \/>\n<br \/>\n<b>Warning<\/b>:  Invalid argument supplied for foreach() in <b>\/home\/nimylosczm\/www\/wp-content\/plugins\/unyson\/framework\/includes\/option-types\/typography-v2\/class-fw-option-type-typography-v2.php<\/b> on line <b>148<\/b><br \/>\n<br \/>\n<b>Warning<\/b>:  Invalid argument supplied for foreach() in <b>\/home\/nimylosczm\/www\/wp-content\/plugins\/unyson\/framework\/includes\/option-types\/typography-v2\/class-fw-option-type-typography-v2.php<\/b> on line <b>148<\/b><br \/>\n<br \/>\n<b>Warning<\/b>:  Invalid argument supplied for foreach() in <b>\/home\/nimylosczm\/www\/wp-content\/plugins\/unyson\/framework\/includes\/option-types\/typography-v2\/class-fw-option-type-typography-v2.php<\/b> on line <b>148<\/b><br \/>\n<br \/>\n<b>Warning<\/b>:  Invalid argument supplied for foreach() in <b>\/home\/nimylosczm\/www\/wp-content\/plugins\/unyson\/framework\/includes\/option-types\/typography-v2\/class-fw-option-type-typography-v2.php<\/b> on line <b>148<\/b><br \/>\n<br \/>\n<b>Warning<\/b>:  Invalid argument supplied for foreach() in <b>\/home\/nimylosczm\/www\/wp-content\/plugins\/unyson\/framework\/includes\/option-types\/typography-v2\/class-fw-option-type-typography-v2.php<\/b> on line <b>148<\/b><br \/>\n<br \/>\n<b>Warning<\/b>:  Invalid argument supplied for foreach() in <b>\/home\/nimylosczm\/www\/wp-content\/plugins\/unyson\/framework\/includes\/option-types\/typography-v2\/class-fw-option-type-typography-v2.php<\/b> on line <b>148<\/b><br \/>\n<div id=\"lakshmi-section-6175\" class=\"shortcode-section \" style=\" \">\n    <div class=\"section-layer-holder \">\n\t\t        \t\t<div class=\"section-content\" style=\"padding: 0px 0; text-align: left;\">\n        \t<div class=\"container\"><div class=\"fw-row\">\n\t<div class=\"lsi-col fw-col-xs-12  \" style=\"padding-top: 20px; padding-right: 15px; padding-bottom: 10px; padding-left: 15px;\">\r\n\t\t<h1>Guerreros y guerreras<\/h1><p>Los guerreros se caracterizan por habilidades como fuerza, determinaci\u00f3n, valor y empat\u00eda. Su car\u00e1cter es extrovertido, tienen gran sentido de la justicia, resistencia a la frustraci\u00f3n y gestionan bien el tiempo. Destacan en habilidades acad\u00e9micas como las Matem\u00e1ticas, las Ciencias Sociales, la Educaci\u00f3n F\u00edsica y los valores en general.<\/p>    <\/div><\/div>\n\n<\/div>            <div class=\"clearfix\"><\/div>\n        <\/div>\n\t<\/div>\n<\/div><div id=\"lakshmi-section-9383\" class=\"shortcode-section lakshmi-fullwidth-section \" style=\" \">\n    <div class=\"section-layer-holder parallax-window \" data-parallax=\"scroll\" data-image-src=\"\/\/nimyloscristalesmagicos.com\/wp-content\/uploads\/2018\/01\/Secci\u00f3n3.png\">\n\t\t        \t\t<div class=\"section-content\" style=\"padding: 0px 0; text-align: left;\">\n        \t<div class=\"container\"><div class=\"fw-row\">\n\t<div class=\"lsi-col fw-col-xs-12 fw-col-sm-3  \" style=\"padding-top: 0px; padding-right: 15px; padding-bottom: 0px; padding-left: 15px;\">\r\n\t\t<div class=\"lsi-imagebox\">\n\t\t<div class=\"image\">\n\t\t        <a href=\"\/\/nimyloscristalesmagicos.com\/wp-content\/uploads\/2018\/01\/Dagda.png\" data-gal=\"prettyPhoto[0]\">\n        \t\t\t<img src=\"\/\/nimyloscristalesmagicos.com\/wp-content\/uploads\/2018\/01\/Dagda.png\" alt=\"Dagda\"\/>\n\t\t        <\/a>\n        \t<\/div>\n    \t<div class=\"text\">\n    \t\t\t\t<h4 class=\"name\">Dagda<\/h4>\n    \t\t\t<div class=\"desc\">Proviene del Cabo del Hierro.\nTiene gran destreza y rapidez de movimientos.\nSu enigm\u00e1tica mirada esconde una fuerza que pocos poseen.<\/div>\n    <\/div>\n<\/div>    <\/div><div class=\"lsi-col fw-col-xs-12 fw-col-sm-3  \" style=\"padding-top: 0px; padding-right: 15px; padding-bottom: 0px; padding-left: 15px;\">\r\n\t\t<div class=\"lsi-imagebox\">\n\t\t<div class=\"image\">\n\t\t        <a href=\"\/\/nimyloscristalesmagicos.com\/wp-content\/uploads\/2018\/01\/Sh\u00fcller.png\" data-gal=\"prettyPhoto[0]\">\n        \t\t\t<img src=\"\/\/nimyloscristalesmagicos.com\/wp-content\/uploads\/2018\/01\/Sh\u00fcller.png\" alt=\"Sh\u00fcller\"\/>\n\t\t        <\/a>\n        \t<\/div>\n    \t<div class=\"text\">\n    \t\t\t\t<h4 class=\"name\">Sh\u00fcller<\/h4>\n    \t\t\t<div class=\"desc\">Proveniente de las tribus vikingas del norte.\nDestaca por su fuerza y determinaci\u00f3n.\nSiempre protege a los que m\u00e1s lo necesitan.\nFiel, luchador y carism\u00e1tico.\n<\/div>\n    <\/div>\n<\/div>    <\/div><div class=\"lsi-col fw-col-xs-12 fw-col-sm-3  \" style=\"padding-top: 0px; padding-right: 15px; padding-bottom: 0px; padding-left: 15px;\">\r\n\t\t<div class=\"lsi-imagebox\">\n\t\t<div class=\"image\">\n\t\t        <a href=\"\/\/nimyloscristalesmagicos.com\/wp-content\/uploads\/2018\/01\/Shelket.png\" data-gal=\"prettyPhoto[0]\">\n        \t\t\t<img src=\"\/\/nimyloscristalesmagicos.com\/wp-content\/uploads\/2018\/01\/Shelket.png\" alt=\"Shelket\"\/>\n\t\t        <\/a>\n        \t<\/div>\n    \t<div class=\"text\">\n    \t\t\t\t<h4 class=\"name\">Shelket<\/h4>\n    \t\t\t<div class=\"desc\">Valent\u00eda, destreza, agilidad y fortaleza son sus habilidades.\nDomina las artes marciales.\nSiempre est\u00e1 dispuesta a echar una mano al que est\u00e1 en peligro.\n<\/div>\n    <\/div>\n<\/div>    <\/div><div class=\"lsi-col fw-col-xs-12 fw-col-sm-3  \" style=\"padding-top: 0px; padding-right: 15px; padding-bottom: 0px; padding-left: 15px;\">\r\n\t\t<div class=\"lsi-imagebox\">\n\t\t<div class=\"image\">\n\t\t        <a href=\"\/\/nimyloscristalesmagicos.com\/wp-content\/uploads\/2018\/11\/Shaoran.png\" data-gal=\"prettyPhoto[0]\">\n        \t\t\t<img src=\"\/\/nimyloscristalesmagicos.com\/wp-content\/uploads\/2018\/11\/Shaoran.png\" alt=\"Shaoran\"\/>\n\t\t        <\/a>\n        \t<\/div>\n    \t<div class=\"text\">\n    \t\t\t\t<h4 class=\"name\">Shaoran<\/h4>\n    \t\t\t<div class=\"desc\">Viene de la lejana China y su nombre significa peque\u00f1o lobo.\nAventurero, valiente y libre. Viaja largas distancias en solitario pero siempre vuelve a ver a los lugares que ama.\nSus fuertes son su rapidez, su conocimiento de diferentes artes marciales y su habilidad para pasar inadvertido entre la multitud.\n<\/div>\n    <\/div>\n<\/div>    <\/div><\/div>\n\n<div class=\"fw-row\">\n\t<div class=\"lsi-col fw-col-xs-12 fw-col-sm-3  \" style=\"padding-top: 0px; padding-right: 15px; padding-bottom: 0px; padding-left: 15px;\">\r\n\t\t<div class=\"lsi-imagebox\">\n\t\t<div class=\"image\">\n\t\t        <a href=\"\/\/nimyloscristalesmagicos.com\/wp-content\/uploads\/2018\/01\/Akrox.png\" data-gal=\"prettyPhoto[0]\">\n        \t\t\t<img src=\"\/\/nimyloscristalesmagicos.com\/wp-content\/uploads\/2018\/01\/Akrox.png\" alt=\"Akrox\"\/>\n\t\t        <\/a>\n        \t<\/div>\n    \t<div class=\"text\">\n    \t\t\t\t<h4 class=\"name\">Akrox<\/h4>\n    \t\t\t<div class=\"desc\">Adiestrado por los mejores guerreros de estas tierras.\nTiene gran capacidad para sobrevivir  en cualquier h\u00e1bitat.\nRapidez, valent\u00eda y astucia son sus armas.\n<\/div>\n    <\/div>\n<\/div>    <\/div><div class=\"lsi-col fw-col-xs-12 fw-col-sm-3  \" style=\"padding-top: 0px; padding-right: 15px; padding-bottom: 0px; padding-left: 15px;\">\r\n\t\t<div class=\"lsi-imagebox\">\n\t\t<div class=\"image\">\n\t\t        <a href=\"\/\/nimyloscristalesmagicos.com\/wp-content\/uploads\/2018\/11\/Ainia.png\" data-gal=\"prettyPhoto[0]\">\n        \t\t\t<img src=\"\/\/nimyloscristalesmagicos.com\/wp-content\/uploads\/2018\/11\/Ainia.png\" alt=\"Ainia\"\/>\n\t\t        <\/a>\n        \t<\/div>\n    \t<div class=\"text\">\n    \t\t\t\t<h4 class=\"name\">Ainia<\/h4>\n    \t\t\t<div class=\"desc\">Amazona guerrera defensora de la igualdad de la mujer.\nInteligente, r\u00e1pida y h\u00e1bil con el l\u00e1tigo, tiene gran habilidad montando a caballo y trabajando en equipo.\n<\/div>\n    <\/div>\n<\/div>    <\/div><div class=\"lsi-col fw-col-xs-12 fw-col-sm-3  \" style=\"padding-top: 0px; padding-right: 15px; padding-bottom: 0px; padding-left: 15px;\">\r\n\t\t<div class=\"lsi-imagebox\">\n\t\t<div class=\"image\">\n\t\t        <a href=\"\/\/nimyloscristalesmagicos.com\/wp-content\/uploads\/2018\/01\/Viktor.png\" data-gal=\"prettyPhoto[0]\">\n        \t\t\t<img src=\"\/\/nimyloscristalesmagicos.com\/wp-content\/uploads\/2018\/01\/Viktor.png\" alt=\"Viktor\"\/>\n\t\t        <\/a>\n        \t<\/div>\n    \t<div class=\"text\">\n    \t\t\t\t<h4 class=\"name\">Viktor<\/h4>\n    \t\t\t<div class=\"desc\">No se sabe con exactitud su procedencia.\nAventurero e intr\u00e9pido; siempre est\u00e1 dispuesto a nuevas emociones.\nGran habilidad con el sable y las artes marciales.\n<\/div>\n    <\/div>\n<\/div>    <\/div><div class=\"lsi-col fw-col-xs-12 fw-col-sm-3  \" style=\"padding-top: 0px; padding-right: 15px; padding-bottom: 0px; padding-left: 15px;\">\r\n\t\t<div class=\"lsi-imagebox\">\n\t\t<div class=\"image\">\n\t\t        <a href=\"\/\/nimyloscristalesmagicos.com\/wp-content\/uploads\/2018\/01\/Darkey.png\" data-gal=\"prettyPhoto[0]\">\n        \t\t\t<img src=\"\/\/nimyloscristalesmagicos.com\/wp-content\/uploads\/2018\/01\/Darkey.png\" alt=\"Darkey\"\/>\n\t\t        <\/a>\n        \t<\/div>\n    \t<div class=\"text\">\n    \t\t\t\t<h4 class=\"name\">Darkey<\/h4>\n    \t\t\t<div class=\"desc\">Naci\u00f3 en alta mar.\nConoce a la perfecci\u00f3n las estrellas y sabe guiarse con ellas.\nTiene un gran sentido de la justicia y lucha por defenderla.\n<\/div>\n    <\/div>\n<\/div>    <\/div><\/div>\n\n<\/div>            <div class=\"clearfix\"><\/div>\n        <\/div>\n\t<\/div>\n<\/div>\n","protected":false},"excerpt":{"rendered":"<p>Guerreros y guerrerasLos guerreros se caracterizan por habilidades como fuerza, determinaci\u00f3n, valor y empat\u00eda. Su car\u00e1cter es extrovertido, tienen gran sentido de la justicia, resistencia a la frustraci\u00f3n y gestionan bien el tiempo. Destacan en habilidades acad\u00e9micas como las Matem\u00e1ticas, las Ciencias Sociales, la Educaci\u00f3n F\u00edsica y los valores en general. Dagda Proviene del Cabo [&hellip;]<\/p>\n","protected":false},"author":1,"featured_media":0,"parent":0,"menu_order":0,"comment_status":"closed","ping_status":"closed","template":"","meta":{"_mi_skip_tracking":false},"yoast_head":"<!-- This site is optimized with the Yoast SEO plugin v19.6 - https:\/\/yoast.com\/wordpress\/plugins\/seo\/ -->\n<title>Guerreros y guerreras<\/title>\n<meta name=\"description\" content=\"Los guerreros se caracterizan por habilidades como fuerza, determinaci\u00f3n, valor y empat\u00eda. Su car\u00e1cter es extrovertido, tienen gran sentido de la justicia, resistencia a la frustraci\u00f3n y gestionan bien el tiempo. Destacan en habilidades acad\u00e9micas como las Matem\u00e1ticas, las Ciencias Sociales, la Educaci\u00f3n F\u00edsica.\" \/>\n<meta name=\"robots\" content=\"index, follow, max-snippet:-1, max-image-preview:large, max-video-preview:-1\" \/>\n<link rel=\"canonical\" href=\"https:\/\/nimyloscristalesmagicos.com\/index.php\/guerrerosyguerreras\/\" \/>\n<meta property=\"og:locale\" content=\"es_ES\" \/>\n<meta property=\"og:type\" content=\"article\" \/>\n<meta property=\"og:title\" content=\"Guerreros y guerreras\" \/>\n<meta property=\"og:description\" content=\"Los guerreros se caracterizan por habilidades como fuerza, determinaci\u00f3n, valor y empat\u00eda. Su car\u00e1cter es extrovertido, tienen gran sentido de la justicia, resistencia a la frustraci\u00f3n y gestionan bien el tiempo. Destacan en habilidades acad\u00e9micas como las Matem\u00e1ticas, las Ciencias Sociales, la Educaci\u00f3n F\u00edsica.\" \/>\n<meta property=\"og:url\" content=\"https:\/\/nimyloscristalesmagicos.com\/index.php\/guerrerosyguerreras\/\" \/>\n<meta property=\"og:site_name\" content=\"Nim y los cristales m\u00e1gicos\" \/>\n<meta property=\"article:modified_time\" content=\"2019-12-03T22:50:29+00:00\" \/>\n<meta name=\"twitter:card\" content=\"summary_large_image\" \/>\n<meta name=\"twitter:label1\" content=\"Tiempo de lectura\" \/>\n\t<meta name=\"twitter:data1\" content=\"2 minutos\" \/>\n<script type=\"application\/ld+json\" class=\"yoast-schema-graph\">{\"@context\":\"https:\/\/schema.org\",\"@graph\":[{\"@type\":\"WebPage\",\"@id\":\"https:\/\/nimyloscristalesmagicos.com\/index.php\/guerrerosyguerreras\/\",\"url\":\"https:\/\/nimyloscristalesmagicos.com\/index.php\/guerrerosyguerreras\/\",\"name\":\"Guerreros y guerreras\",\"isPartOf\":{\"@id\":\"https:\/\/nimyloscristalesmagicos.com\/#website\"},\"datePublished\":\"2017-10-13T15:41:33+00:00\",\"dateModified\":\"2019-12-03T22:50:29+00:00\",\"description\":\"Los guerreros se caracterizan por habilidades como fuerza, determinaci\u00f3n, valor y empat\u00eda. Su car\u00e1cter es extrovertido, tienen gran sentido de la justicia, resistencia a la frustraci\u00f3n y gestionan bien el tiempo. Destacan en habilidades acad\u00e9micas como las Matem\u00e1ticas, las Ciencias Sociales, la Educaci\u00f3n F\u00edsica.\",\"breadcrumb\":{\"@id\":\"https:\/\/nimyloscristalesmagicos.com\/index.php\/guerrerosyguerreras\/#breadcrumb\"},\"inLanguage\":\"es\",\"potentialAction\":[{\"@type\":\"ReadAction\",\"target\":[\"https:\/\/nimyloscristalesmagicos.com\/index.php\/guerrerosyguerreras\/\"]}]},{\"@type\":\"BreadcrumbList\",\"@id\":\"https:\/\/nimyloscristalesmagicos.com\/index.php\/guerrerosyguerreras\/#breadcrumb\",\"itemListElement\":[{\"@type\":\"ListItem\",\"position\":1,\"name\":\"Portada\",\"item\":\"https:\/\/nimyloscristalesmagicos.com\/\"},{\"@type\":\"ListItem\",\"position\":2,\"name\":\"Guerreros y guerreras\"}]},{\"@type\":\"WebSite\",\"@id\":\"https:\/\/nimyloscristalesmagicos.com\/#website\",\"url\":\"https:\/\/nimyloscristalesmagicos.com\/\",\"name\":\"Nim y los cristales m\u00e1gicos\",\"description\":\"Gamificaci\u00f3n en el aula\",\"potentialAction\":[{\"@type\":\"SearchAction\",\"target\":{\"@type\":\"EntryPoint\",\"urlTemplate\":\"https:\/\/nimyloscristalesmagicos.com\/?s={search_term_string}\"},\"query-input\":\"required name=search_term_string\"}],\"inLanguage\":\"es\"}]}<\/script>\n<!-- \/ Yoast SEO plugin. -->","yoast_head_json":{"title":"Guerreros y guerreras","description":"Los guerreros se caracterizan por habilidades como fuerza, determinaci\u00f3n, valor y empat\u00eda. Su car\u00e1cter es extrovertido, tienen gran sentido de la justicia, resistencia a la frustraci\u00f3n y gestionan bien el tiempo. Destacan en habilidades acad\u00e9micas como las Matem\u00e1ticas, las Ciencias Sociales, la Educaci\u00f3n F\u00edsica.","robots":{"index":"index","follow":"follow","max-snippet":"max-snippet:-1","max-image-preview":"max-image-preview:large","max-video-preview":"max-video-preview:-1"},"canonical":"https:\/\/nimyloscristalesmagicos.com\/index.php\/guerrerosyguerreras\/","og_locale":"es_ES","og_type":"article","og_title":"Guerreros y guerreras","og_description":"Los guerreros se caracterizan por habilidades como fuerza, determinaci\u00f3n, valor y empat\u00eda. Su car\u00e1cter es extrovertido, tienen gran sentido de la justicia, resistencia a la frustraci\u00f3n y gestionan bien el tiempo. Destacan en habilidades acad\u00e9micas como las Matem\u00e1ticas, las Ciencias Sociales, la Educaci\u00f3n F\u00edsica.","og_url":"https:\/\/nimyloscristalesmagicos.com\/index.php\/guerrerosyguerreras\/","og_site_name":"Nim y los cristales m\u00e1gicos","article_modified_time":"2019-12-03T22:50:29+00:00","twitter_card":"summary_large_image","twitter_misc":{"Tiempo de lectura":"2 minutos"},"schema":{"@context":"https:\/\/schema.org","@graph":[{"@type":"WebPage","@id":"https:\/\/nimyloscristalesmagicos.com\/index.php\/guerrerosyguerreras\/","url":"https:\/\/nimyloscristalesmagicos.com\/index.php\/guerrerosyguerreras\/","name":"Guerreros y guerreras","isPartOf":{"@id":"https:\/\/nimyloscristalesmagicos.com\/#website"},"datePublished":"2017-10-13T15:41:33+00:00","dateModified":"2019-12-03T22:50:29+00:00","description":"Los guerreros se caracterizan por habilidades como fuerza, determinaci\u00f3n, valor y empat\u00eda. Su car\u00e1cter es extrovertido, tienen gran sentido de la justicia, resistencia a la frustraci\u00f3n y gestionan bien el tiempo. Destacan en habilidades acad\u00e9micas como las Matem\u00e1ticas, las Ciencias Sociales, la Educaci\u00f3n F\u00edsica.","breadcrumb":{"@id":"https:\/\/nimyloscristalesmagicos.com\/index.php\/guerrerosyguerreras\/#breadcrumb"},"inLanguage":"es","potentialAction":[{"@type":"ReadAction","target":["https:\/\/nimyloscristalesmagicos.com\/index.php\/guerrerosyguerreras\/"]}]},{"@type":"BreadcrumbList","@id":"https:\/\/nimyloscristalesmagicos.com\/index.php\/guerrerosyguerreras\/#breadcrumb","itemListElement":[{"@type":"ListItem","position":1,"name":"Portada","item":"https:\/\/nimyloscristalesmagicos.com\/"},{"@type":"ListItem","position":2,"name":"Guerreros y guerreras"}]},{"@type":"WebSite","@id":"https:\/\/nimyloscristalesmagicos.com\/#website","url":"https:\/\/nimyloscristalesmagicos.com\/","name":"Nim y los cristales m\u00e1gicos","description":"Gamificaci\u00f3n en el aula","potentialAction":[{"@type":"SearchAction","target":{"@type":"EntryPoint","urlTemplate":"https:\/\/nimyloscristalesmagicos.com\/?s={search_term_string}"},"query-input":"required name=search_term_string"}],"inLanguage":"es"}]}},"_links":{"self":[{"href":"https:\/\/nimyloscristalesmagicos.com\/index.php\/wp-json\/wp\/v2\/pages\/123"}],"collection":[{"href":"https:\/\/nimyloscristalesmagicos.com\/index.php\/wp-json\/wp\/v2\/pages"}],"about":[{"href":"https:\/\/nimyloscristalesmagicos.com\/index.php\/wp-json\/wp\/v2\/types\/page"}],"author":[{"embeddable":true,"href":"https:\/\/nimyloscristalesmagicos.com\/index.php\/wp-json\/wp\/v2\/users\/1"}],"replies":[{"embeddable":true,"href":"https:\/\/nimyloscristalesmagicos.com\/index.php\/wp-json\/wp\/v2\/comments?post=123"}],"version-history":[{"count":66,"href":"https:\/\/nimyloscristalesmagicos.com\/index.php\/wp-json\/wp\/v2\/pages\/123\/revisions"}],"predecessor-version":[{"id":1519,"href":"https:\/\/nimyloscristalesmagicos.com\/index.php\/wp-json\/wp\/v2\/pages\/123\/revisions\/1519"}],"wp:attachment":[{"href":"https:\/\/nimyloscristalesmagicos.com\/index.php\/wp-json\/wp\/v2\/media?parent=123"}],"curies":[{"name":"wp","href":"https:\/\/api.w.org\/{rel}","templated":true}]}}