{"id":121,"date":"2017-10-13T15:41:09","date_gmt":"2017-10-13T15:41:09","guid":{"rendered":"http:\/\/nimyloscristalesmagicos.com\/?page_id=121"},"modified":"2019-12-03T22:42:58","modified_gmt":"2019-12-03T22:42:58","slug":"nim","status":"publish","type":"page","link":"https:\/\/nimyloscristalesmagicos.com\/index.php\/nim\/","title":{"rendered":"Nim"},"content":{"rendered":"<br \/>\n<b>Warning<\/b>:  Invalid argument supplied for foreach() in <b>\/home\/nimylosczm\/www\/wp-content\/plugins\/unyson\/framework\/includes\/option-types\/typography-v2\/class-fw-option-type-typography-v2.php<\/b> on line <b>148<\/b><br \/>\n<br \/>\n<b>Warning<\/b>:  Invalid argument supplied for foreach() in <b>\/home\/nimylosczm\/www\/wp-content\/plugins\/unyson\/framework\/includes\/option-types\/typography-v2\/class-fw-option-type-typography-v2.php<\/b> on line <b>148<\/b><br \/>\n<br \/>\n<b>Warning<\/b>:  Invalid argument supplied for foreach() in <b>\/home\/nimylosczm\/www\/wp-content\/plugins\/unyson\/framework\/includes\/option-types\/typography-v2\/class-fw-option-type-typography-v2.php<\/b> on line <b>148<\/b><br \/>\n<br \/>\n<b>Warning<\/b>:  Invalid argument supplied for foreach() in <b>\/home\/nimylosczm\/www\/wp-content\/plugins\/unyson\/framework\/includes\/option-types\/typography-v2\/class-fw-option-type-typography-v2.php<\/b> on line <b>148<\/b><br \/>\n<br \/>\n<b>Warning<\/b>:  Invalid argument supplied for foreach() in <b>\/home\/nimylosczm\/www\/wp-content\/plugins\/unyson\/framework\/includes\/option-types\/typography-v2\/class-fw-option-type-typography-v2.php<\/b> on line <b>148<\/b><br \/>\n<br \/>\n<b>Warning<\/b>:  Invalid argument supplied for foreach() in <b>\/home\/nimylosczm\/www\/wp-content\/plugins\/unyson\/framework\/includes\/option-types\/typography-v2\/class-fw-option-type-typography-v2.php<\/b> on line <b>148<\/b><br \/>\n<br \/>\n<b>Warning<\/b>:  Invalid argument supplied for foreach() in <b>\/home\/nimylosczm\/www\/wp-content\/plugins\/unyson\/framework\/includes\/option-types\/typography-v2\/class-fw-option-type-typography-v2.php<\/b> on line <b>148<\/b><br \/>\n<br \/>\n<b>Warning<\/b>:  Invalid argument supplied for foreach() in <b>\/home\/nimylosczm\/www\/wp-content\/plugins\/unyson\/framework\/includes\/option-types\/typography-v2\/class-fw-option-type-typography-v2.php<\/b> on line <b>148<\/b><br \/>\n<br \/>\n<b>Warning<\/b>:  Invalid argument supplied for foreach() in <b>\/home\/nimylosczm\/www\/wp-content\/plugins\/unyson\/framework\/includes\/option-types\/typography-v2\/class-fw-option-type-typography-v2.php<\/b> on line <b>148<\/b><br \/>\n<br \/>\n<b>Warning<\/b>:  Invalid argument supplied for foreach() in <b>\/home\/nimylosczm\/www\/wp-content\/plugins\/unyson\/framework\/includes\/option-types\/typography-v2\/class-fw-option-type-typography-v2.php<\/b> on line <b>148<\/b><br \/>\n<br \/>\n<b>Warning<\/b>:  Invalid argument supplied for foreach() in <b>\/home\/nimylosczm\/www\/wp-content\/plugins\/unyson\/framework\/includes\/option-types\/typography-v2\/class-fw-option-type-typography-v2.php<\/b> on line <b>148<\/b><br \/>\n<br \/>\n<b>Warning<\/b>:  Invalid argument supplied for foreach() in <b>\/home\/nimylosczm\/www\/wp-content\/plugins\/unyson\/framework\/includes\/option-types\/typography-v2\/class-fw-option-type-typography-v2.php<\/b> on line <b>148<\/b><br \/>\n<br \/>\n<b>Warning<\/b>:  Invalid argument supplied for foreach() in <b>\/home\/nimylosczm\/www\/wp-content\/plugins\/unyson\/framework\/includes\/option-types\/typography-v2\/class-fw-option-type-typography-v2.php<\/b> on line <b>148<\/b><br \/>\n<br \/>\n<b>Warning<\/b>:  Invalid argument supplied for foreach() in <b>\/home\/nimylosczm\/www\/wp-content\/plugins\/unyson\/framework\/includes\/option-types\/typography-v2\/class-fw-option-type-typography-v2.php<\/b> on line <b>148<\/b><br \/>\n<br \/>\n<b>Warning<\/b>:  Invalid argument supplied for foreach() in <b>\/home\/nimylosczm\/www\/wp-content\/plugins\/unyson\/framework\/includes\/option-types\/typography-v2\/class-fw-option-type-typography-v2.php<\/b> on line <b>148<\/b><br \/>\n<br \/>\n<b>Warning<\/b>:  Invalid argument supplied for foreach() in <b>\/home\/nimylosczm\/www\/wp-content\/plugins\/unyson\/framework\/includes\/option-types\/typography-v2\/class-fw-option-type-typography-v2.php<\/b> on line <b>148<\/b><br \/>\n<br \/>\n<b>Warning<\/b>:  Invalid argument supplied for foreach() in <b>\/home\/nimylosczm\/www\/wp-content\/plugins\/unyson\/framework\/includes\/option-types\/typography-v2\/class-fw-option-type-typography-v2.php<\/b> on line <b>148<\/b><br \/>\n<br \/>\n<b>Warning<\/b>:  Invalid argument supplied for foreach() in <b>\/home\/nimylosczm\/www\/wp-content\/plugins\/unyson\/framework\/includes\/option-types\/typography-v2\/class-fw-option-type-typography-v2.php<\/b> on line <b>148<\/b><br \/>\n<br \/>\n<b>Warning<\/b>:  Invalid argument supplied for foreach() in <b>\/home\/nimylosczm\/www\/wp-content\/plugins\/unyson\/framework\/includes\/option-types\/typography-v2\/class-fw-option-type-typography-v2.php<\/b> on line <b>148<\/b><br \/>\n<br \/>\n<b>Warning<\/b>:  Invalid argument supplied for foreach() in <b>\/home\/nimylosczm\/www\/wp-content\/plugins\/unyson\/framework\/includes\/option-types\/typography-v2\/class-fw-option-type-typography-v2.php<\/b> on line <b>148<\/b><br \/>\n<br \/>\n<b>Warning<\/b>:  Invalid argument supplied for foreach() in <b>\/home\/nimylosczm\/www\/wp-content\/plugins\/unyson\/framework\/includes\/option-types\/typography-v2\/class-fw-option-type-typography-v2.php<\/b> on line <b>148<\/b><br \/>\n<br \/>\n<b>Warning<\/b>:  Invalid argument supplied for foreach() in <b>\/home\/nimylosczm\/www\/wp-content\/plugins\/unyson\/framework\/includes\/option-types\/typography-v2\/class-fw-option-type-typography-v2.php<\/b> on line <b>148<\/b><br \/>\n<br \/>\n<b>Warning<\/b>:  Invalid argument supplied for foreach() in <b>\/home\/nimylosczm\/www\/wp-content\/plugins\/unyson\/framework\/includes\/option-types\/typography-v2\/class-fw-option-type-typography-v2.php<\/b> on line <b>148<\/b><br \/>\n<br \/>\n<b>Warning<\/b>:  Invalid argument supplied for foreach() in <b>\/home\/nimylosczm\/www\/wp-content\/plugins\/unyson\/framework\/includes\/option-types\/typography-v2\/class-fw-option-type-typography-v2.php<\/b> on line <b>148<\/b><br \/>\n<br \/>\n<b>Warning<\/b>:  Invalid argument supplied for foreach() in <b>\/home\/nimylosczm\/www\/wp-content\/plugins\/unyson\/framework\/includes\/option-types\/typography-v2\/class-fw-option-type-typography-v2.php<\/b> on line <b>148<\/b><br \/>\n<br \/>\n<b>Warning<\/b>:  Invalid argument supplied for foreach() in <b>\/home\/nimylosczm\/www\/wp-content\/plugins\/unyson\/framework\/includes\/option-types\/typography-v2\/class-fw-option-type-typography-v2.php<\/b> on line <b>148<\/b><br \/>\n<div id=\"lakshmi-section-7012\" class=\"shortcode-section lakshmi-fullwidth-section \" style=\" \">\n    <div class=\"section-layer-holder parallax-window \" data-parallax=\"scroll\" data-image-src=\"\/\/nimyloscristalesmagicos.com\/wp-content\/uploads\/2018\/01\/bosque4.jpg\">\n\t\t        \t\t<div class=\"section-content\" style=\"padding: 0px 0; text-align: left;\">\n        \t<div class=\"container\"><div class=\"fw-row\">\n\t<div class=\"lsi-col fw-col-xs-12 fw-col-sm-6  \" style=\"padding-top: 0px; padding-right: 15px; padding-bottom: 0px; padding-left: 15px;\">\r\n\t\t<img src=\"https:\/\/nimyloscristalesmagicos.com\/wp-content\/uploads\/2018\/02\/NIM-410x470.png\" alt=\"Nim\" width=\"410\" height=\"470\" \/>    <\/div><div class=\"lsi-col fw-col-xs-12 fw-col-sm-6  \" style=\"padding-top: 0px; padding-right: 15px; padding-bottom: 0px; padding-left: 15px;\">\r\n\t\t<h1><span style=\"color: #ffffff;\">Nim, el drag\u00f3n blanco protector<\/span><\/h1><p><span style=\"color: #ffffff;\">Os presentamos a Nim, el drag\u00f3n blanco protector de estas tierras. Este fue v\u00edctima de un conjuro m\u00e1gico realizado por su hermano Drake hace mucho tiempo. Nim quedo convertido en miles de cristales m\u00e1gicos repartidos por todo el territorio. Nim siempre ha defendido la justicia y ha tratado de ayudar a los mas fr\u00e1giles. Es el momento de hacerle volver para enfrentarse a su malvado hermano y liberar por fin a la poblaci\u00f3n de su temible amenaza.<\/span><\/p>    <\/div><\/div>\n\n<\/div>            <div class=\"clearfix\"><\/div>\n        <\/div>\n\t<\/div>\n<\/div><div id=\"lakshmi-section-1972\" class=\"shortcode-section lakshmi-fullwidth-section \" style=\" \">\n    <div class=\"section-layer-holder parallax-window \" data-parallax=\"scroll\" data-image-src=\"\/\/nimyloscristalesmagicos.com\/wp-content\/uploads\/2018\/01\/Secci\u00f3n5-2.png\">\n\t\t        \t\t<div class=\"section-content\" style=\"padding: 0px 0; text-align: left;\">\n        \t<div class=\"container\"><div class=\"fw-row\">\n\t<div class=\"lsi-col fw-col-xs-12 fw-col-sm-4  \" style=\"padding-top: 15px; padding-right: 15px; padding-bottom: 0px; padding-left: 15px;\">\r\n\t\t<div class=\"lsi-imagebox\">\n\t\t<div class=\"image\">\n\t\t        <a href=\"\/\/nimyloscristalesmagicos.com\/wp-content\/uploads\/2018\/01\/Capit\u00e1n-Maynard.png\" data-gal=\"prettyPhoto[0]\">\n        \t\t\t<img src=\"\/\/nimyloscristalesmagicos.com\/wp-content\/uploads\/2018\/01\/Capit\u00e1n-Maynard.png\" alt=\"Capit\u00e1n Maynard\"\/>\n\t\t        <\/a>\n        \t<\/div>\n    \t<div class=\"text\">\n    \t\t\t\t<h4 class=\"name\">Capit\u00e1n Maynard<\/h4>\n    \t\t\t<div class=\"desc\">Fiel amigo de Nim y capit\u00e1n de los ej\u00e9rcitos de las Tierras del este. Su bondad es s\u00f3lo comparable a su valor y su fuerza. Ha pasado por multitud de batallas, donde ha salido victorioso.<\/div>\n    <\/div>\n<\/div>    <\/div><div class=\"lsi-col fw-col-xs-12 fw-col-sm-4  \" style=\"padding-top: 15px; padding-right: 15px; padding-bottom: 0px; padding-left: 15px;\">\r\n\t\t<img src=\"https:\/\/nimyloscristalesmagicos.com\/wp-content\/uploads\/2018\/01\/medallon-arbol-270x280.png\" alt=\"\u00c1rbol\" width=\"270\" height=\"280\" \/><h2>Los leales camaradas de Nim<\/h2><p>Nim siempre ha estado rodeado de fieles seguidores y amigos, entre los que destacamos al Capit\u00e1n Maynard y al Mago Aureus<\/p>    <\/div><div class=\"lsi-col fw-col-xs-12 fw-col-sm-4  \" style=\"padding-top: 15px; padding-right: 15px; padding-bottom: 0px; padding-left: 15px;\">\r\n\t\t<div class=\"lsi-imagebox\">\n\t\t<div class=\"image\">\n\t\t        <a href=\"\/\/nimyloscristalesmagicos.com\/wp-content\/uploads\/2018\/01\/Aureus.png\" data-gal=\"prettyPhoto[0]\">\n        \t\t\t<img src=\"\/\/nimyloscristalesmagicos.com\/wp-content\/uploads\/2018\/01\/Aureus.png\" alt=\"Mago Aureus\"\/>\n\t\t        <\/a>\n        \t<\/div>\n    \t<div class=\"text\">\n    \t\t\t\t<h4 class=\"name\">Mago Aureus<\/h4>\n    \t\t\t<div class=\"desc\">El mago blanco m\u00e1s conocido de todos los tiempos. Destaca por su inteligencia y sus poderosos hechizos. Tiene gran sentido de la justicia y fiel defensor de las minor\u00edas.<\/div>\n    <\/div>\n<\/div>    <\/div><\/div>\n\n<\/div>            <div class=\"clearfix\"><\/div>\n        <\/div>\n\t<\/div>\n<\/div>\n","protected":false},"excerpt":{"rendered":"<p>Nim, el drag\u00f3n blanco protectorOs presentamos a Nim, el drag\u00f3n blanco protector de estas tierras. Este fue v\u00edctima de un conjuro m\u00e1gico realizado por su hermano Drake hace mucho tiempo. Nim quedo convertido en miles de cristales m\u00e1gicos repartidos por todo el territorio. Nim siempre ha defendido la justicia y ha tratado de ayudar a [&hellip;]<\/p>\n","protected":false},"author":1,"featured_media":1280,"parent":0,"menu_order":0,"comment_status":"closed","ping_status":"closed","template":"","meta":{"_mi_skip_tracking":false},"yoast_head":"<!-- This site is optimized with the Yoast SEO plugin v19.6 - https:\/\/yoast.com\/wordpress\/plugins\/seo\/ -->\n<title>Nim, el drag\u00f3n blanco<\/title>\n<meta name=\"description\" content=\"Nim es el drag\u00f3n blanco protector de estas tierras que siempre ha defendido la justicia y a los m\u00e1s fr\u00e1giles. Fue v\u00edctima de un conjuro m\u00e1gico realizado por su hermano Drake hace mucho tiempo. Es el momento de hacerle volver.\" \/>\n<meta name=\"robots\" content=\"index, follow, max-snippet:-1, max-image-preview:large, max-video-preview:-1\" \/>\n<link rel=\"canonical\" href=\"https:\/\/nimyloscristalesmagicos.com\/index.php\/nim\/\" \/>\n<meta property=\"og:locale\" content=\"es_ES\" \/>\n<meta property=\"og:type\" content=\"article\" \/>\n<meta property=\"og:title\" content=\"Nim el drag\u00f3n blanco\" \/>\n<meta property=\"og:description\" content=\"Nim, es el drag\u00f3n blanco protector de estas tierras. Este fue v\u00edctima de un conjuro m\u00e1gico realizado por su hermano Drake hace mucho tiempo y qued\u00f3 convertido en miles de cristales m\u00e1gicos repartidos por todo el territorio.\" \/>\n<meta property=\"og:url\" content=\"https:\/\/nimyloscristalesmagicos.com\/index.php\/nim\/\" \/>\n<meta property=\"og:site_name\" content=\"Nim y los cristales m\u00e1gicos\" \/>\n<meta property=\"article:modified_time\" content=\"2019-12-03T22:42:58+00:00\" \/>\n<meta property=\"og:image\" content=\"https:\/\/nimyloscristalesmagicos.com\/wp-content\/uploads\/2018\/02\/Nimfacebook.jpg\" \/>\n\t<meta property=\"og:image:width\" content=\"900\" \/>\n\t<meta property=\"og:image:height\" content=\"900\" \/>\n\t<meta property=\"og:image:type\" content=\"image\/jpeg\" \/>\n<meta name=\"twitter:card\" content=\"summary_large_image\" \/>\n<meta name=\"twitter:label1\" content=\"Tiempo de lectura\" \/>\n\t<meta name=\"twitter:data1\" content=\"1 minuto\" \/>\n<script type=\"application\/ld+json\" class=\"yoast-schema-graph\">{\"@context\":\"https:\/\/schema.org\",\"@graph\":[{\"@type\":\"WebPage\",\"@id\":\"https:\/\/nimyloscristalesmagicos.com\/index.php\/nim\/\",\"url\":\"https:\/\/nimyloscristalesmagicos.com\/index.php\/nim\/\",\"name\":\"Nim, el drag\u00f3n blanco\",\"isPartOf\":{\"@id\":\"https:\/\/nimyloscristalesmagicos.com\/#website\"},\"datePublished\":\"2017-10-13T15:41:09+00:00\",\"dateModified\":\"2019-12-03T22:42:58+00:00\",\"description\":\"Nim es el drag\u00f3n blanco protector de estas tierras que siempre ha defendido la justicia y a los m\u00e1s fr\u00e1giles. Fue v\u00edctima de un conjuro m\u00e1gico realizado por su hermano Drake hace mucho tiempo. Es el momento de hacerle volver.\",\"breadcrumb\":{\"@id\":\"https:\/\/nimyloscristalesmagicos.com\/index.php\/nim\/#breadcrumb\"},\"inLanguage\":\"es\",\"potentialAction\":[{\"@type\":\"ReadAction\",\"target\":[\"https:\/\/nimyloscristalesmagicos.com\/index.php\/nim\/\"]}]},{\"@type\":\"BreadcrumbList\",\"@id\":\"https:\/\/nimyloscristalesmagicos.com\/index.php\/nim\/#breadcrumb\",\"itemListElement\":[{\"@type\":\"ListItem\",\"position\":1,\"name\":\"Portada\",\"item\":\"https:\/\/nimyloscristalesmagicos.com\/\"},{\"@type\":\"ListItem\",\"position\":2,\"name\":\"Nim\"}]},{\"@type\":\"WebSite\",\"@id\":\"https:\/\/nimyloscristalesmagicos.com\/#website\",\"url\":\"https:\/\/nimyloscristalesmagicos.com\/\",\"name\":\"Nim y los cristales m\u00e1gicos\",\"description\":\"Gamificaci\u00f3n en el aula\",\"potentialAction\":[{\"@type\":\"SearchAction\",\"target\":{\"@type\":\"EntryPoint\",\"urlTemplate\":\"https:\/\/nimyloscristalesmagicos.com\/?s={search_term_string}\"},\"query-input\":\"required name=search_term_string\"}],\"inLanguage\":\"es\"}]}<\/script>\n<!-- \/ Yoast SEO plugin. -->","yoast_head_json":{"title":"Nim, el drag\u00f3n blanco","description":"Nim es el drag\u00f3n blanco protector de estas tierras que siempre ha defendido la justicia y a los m\u00e1s fr\u00e1giles. Fue v\u00edctima de un conjuro m\u00e1gico realizado por su hermano Drake hace mucho tiempo. Es el momento de hacerle volver.","robots":{"index":"index","follow":"follow","max-snippet":"max-snippet:-1","max-image-preview":"max-image-preview:large","max-video-preview":"max-video-preview:-1"},"canonical":"https:\/\/nimyloscristalesmagicos.com\/index.php\/nim\/","og_locale":"es_ES","og_type":"article","og_title":"Nim el drag\u00f3n blanco","og_description":"Nim, es el drag\u00f3n blanco protector de estas tierras. Este fue v\u00edctima de un conjuro m\u00e1gico realizado por su hermano Drake hace mucho tiempo y qued\u00f3 convertido en miles de cristales m\u00e1gicos repartidos por todo el territorio.","og_url":"https:\/\/nimyloscristalesmagicos.com\/index.php\/nim\/","og_site_name":"Nim y los cristales m\u00e1gicos","article_modified_time":"2019-12-03T22:42:58+00:00","og_image":[{"width":900,"height":900,"url":"https:\/\/nimyloscristalesmagicos.com\/wp-content\/uploads\/2018\/02\/Nimfacebook.jpg","type":"image\/jpeg"}],"twitter_card":"summary_large_image","twitter_misc":{"Tiempo de lectura":"1 minuto"},"schema":{"@context":"https:\/\/schema.org","@graph":[{"@type":"WebPage","@id":"https:\/\/nimyloscristalesmagicos.com\/index.php\/nim\/","url":"https:\/\/nimyloscristalesmagicos.com\/index.php\/nim\/","name":"Nim, el drag\u00f3n blanco","isPartOf":{"@id":"https:\/\/nimyloscristalesmagicos.com\/#website"},"datePublished":"2017-10-13T15:41:09+00:00","dateModified":"2019-12-03T22:42:58+00:00","description":"Nim es el drag\u00f3n blanco protector de estas tierras que siempre ha defendido la justicia y a los m\u00e1s fr\u00e1giles. Fue v\u00edctima de un conjuro m\u00e1gico realizado por su hermano Drake hace mucho tiempo. Es el momento de hacerle volver.","breadcrumb":{"@id":"https:\/\/nimyloscristalesmagicos.com\/index.php\/nim\/#breadcrumb"},"inLanguage":"es","potentialAction":[{"@type":"ReadAction","target":["https:\/\/nimyloscristalesmagicos.com\/index.php\/nim\/"]}]},{"@type":"BreadcrumbList","@id":"https:\/\/nimyloscristalesmagicos.com\/index.php\/nim\/#breadcrumb","itemListElement":[{"@type":"ListItem","position":1,"name":"Portada","item":"https:\/\/nimyloscristalesmagicos.com\/"},{"@type":"ListItem","position":2,"name":"Nim"}]},{"@type":"WebSite","@id":"https:\/\/nimyloscristalesmagicos.com\/#website","url":"https:\/\/nimyloscristalesmagicos.com\/","name":"Nim y los cristales m\u00e1gicos","description":"Gamificaci\u00f3n en el aula","potentialAction":[{"@type":"SearchAction","target":{"@type":"EntryPoint","urlTemplate":"https:\/\/nimyloscristalesmagicos.com\/?s={search_term_string}"},"query-input":"required name=search_term_string"}],"inLanguage":"es"}]}},"_links":{"self":[{"href":"https:\/\/nimyloscristalesmagicos.com\/index.php\/wp-json\/wp\/v2\/pages\/121"}],"collection":[{"href":"https:\/\/nimyloscristalesmagicos.com\/index.php\/wp-json\/wp\/v2\/pages"}],"about":[{"href":"https:\/\/nimyloscristalesmagicos.com\/index.php\/wp-json\/wp\/v2\/types\/page"}],"author":[{"embeddable":true,"href":"https:\/\/nimyloscristalesmagicos.com\/index.php\/wp-json\/wp\/v2\/users\/1"}],"replies":[{"embeddable":true,"href":"https:\/\/nimyloscristalesmagicos.com\/index.php\/wp-json\/wp\/v2\/comments?post=121"}],"version-history":[{"count":94,"href":"https:\/\/nimyloscristalesmagicos.com\/index.php\/wp-json\/wp\/v2\/pages\/121\/revisions"}],"predecessor-version":[{"id":1514,"href":"https:\/\/nimyloscristalesmagicos.com\/index.php\/wp-json\/wp\/v2\/pages\/121\/revisions\/1514"}],"wp:featuredmedia":[{"embeddable":true,"href":"https:\/\/nimyloscristalesmagicos.com\/index.php\/wp-json\/wp\/v2\/media\/1280"}],"wp:attachment":[{"href":"https:\/\/nimyloscristalesmagicos.com\/index.php\/wp-json\/wp\/v2\/media?parent=121"}],"curies":[{"name":"wp","href":"https:\/\/api.w.org\/{rel}","templated":true}]}}