{"id":119,"date":"2017-10-13T15:40:53","date_gmt":"2017-10-13T15:40:53","guid":{"rendered":"http:\/\/nimyloscristalesmagicos.com\/?page_id=119"},"modified":"2019-12-03T22:58:42","modified_gmt":"2019-12-03T22:58:42","slug":"la-profecia","status":"publish","type":"page","link":"https:\/\/nimyloscristalesmagicos.com\/index.php\/la-profecia\/","title":{"rendered":"La profec\u00eda"},"content":{"rendered":"<br \/>\n<b>Warning<\/b>:  Invalid argument supplied for foreach() in <b>\/home\/nimylosczm\/www\/wp-content\/plugins\/unyson\/framework\/includes\/option-types\/typography-v2\/class-fw-option-type-typography-v2.php<\/b> on line <b>148<\/b><br \/>\n<br \/>\n<b>Warning<\/b>:  Invalid argument supplied for foreach() in <b>\/home\/nimylosczm\/www\/wp-content\/plugins\/unyson\/framework\/includes\/option-types\/typography-v2\/class-fw-option-type-typography-v2.php<\/b> on line <b>148<\/b><br \/>\n<br \/>\n<b>Warning<\/b>:  Invalid argument supplied for foreach() in <b>\/home\/nimylosczm\/www\/wp-content\/plugins\/unyson\/framework\/includes\/option-types\/typography-v2\/class-fw-option-type-typography-v2.php<\/b> on line <b>148<\/b><br \/>\n<br \/>\n<b>Warning<\/b>:  Invalid argument supplied for foreach() in <b>\/home\/nimylosczm\/www\/wp-content\/plugins\/unyson\/framework\/includes\/option-types\/typography-v2\/class-fw-option-type-typography-v2.php<\/b> on line <b>148<\/b><br \/>\n<br \/>\n<b>Warning<\/b>:  Invalid argument supplied for foreach() in <b>\/home\/nimylosczm\/www\/wp-content\/plugins\/unyson\/framework\/includes\/option-types\/typography-v2\/class-fw-option-type-typography-v2.php<\/b> on line <b>148<\/b><br \/>\n<br \/>\n<b>Warning<\/b>:  Invalid argument supplied for foreach() in <b>\/home\/nimylosczm\/www\/wp-content\/plugins\/unyson\/framework\/includes\/option-types\/typography-v2\/class-fw-option-type-typography-v2.php<\/b> on line <b>148<\/b><br \/>\n<br \/>\n<b>Warning<\/b>:  Invalid argument supplied for foreach() in <b>\/home\/nimylosczm\/www\/wp-content\/plugins\/unyson\/framework\/includes\/option-types\/typography-v2\/class-fw-option-type-typography-v2.php<\/b> on line <b>148<\/b><br \/>\n<br \/>\n<b>Warning<\/b>:  Invalid argument supplied for foreach() in <b>\/home\/nimylosczm\/www\/wp-content\/plugins\/unyson\/framework\/includes\/option-types\/typography-v2\/class-fw-option-type-typography-v2.php<\/b> on line <b>148<\/b><br \/>\n<br \/>\n<b>Warning<\/b>:  Invalid argument supplied for foreach() in <b>\/home\/nimylosczm\/www\/wp-content\/plugins\/unyson\/framework\/includes\/option-types\/typography-v2\/class-fw-option-type-typography-v2.php<\/b> on line <b>148<\/b><br \/>\n<br \/>\n<b>Warning<\/b>:  Invalid argument supplied for foreach() in <b>\/home\/nimylosczm\/www\/wp-content\/plugins\/unyson\/framework\/includes\/option-types\/typography-v2\/class-fw-option-type-typography-v2.php<\/b> on line <b>148<\/b><br \/>\n<br \/>\n<b>Warning<\/b>:  Invalid argument supplied for foreach() in <b>\/home\/nimylosczm\/www\/wp-content\/plugins\/unyson\/framework\/includes\/option-types\/typography-v2\/class-fw-option-type-typography-v2.php<\/b> on line <b>148<\/b><br \/>\n<br \/>\n<b>Warning<\/b>:  Invalid argument supplied for foreach() in <b>\/home\/nimylosczm\/www\/wp-content\/plugins\/unyson\/framework\/includes\/option-types\/typography-v2\/class-fw-option-type-typography-v2.php<\/b> on line <b>148<\/b><br \/>\n<br \/>\n<b>Warning<\/b>:  Invalid argument supplied for foreach() in <b>\/home\/nimylosczm\/www\/wp-content\/plugins\/unyson\/framework\/includes\/option-types\/typography-v2\/class-fw-option-type-typography-v2.php<\/b> on line <b>148<\/b><br \/>\n<br \/>\n<b>Warning<\/b>:  Invalid argument supplied for foreach() in <b>\/home\/nimylosczm\/www\/wp-content\/plugins\/unyson\/framework\/includes\/option-types\/typography-v2\/class-fw-option-type-typography-v2.php<\/b> on line <b>148<\/b><br \/>\n<br \/>\n<b>Warning<\/b>:  Invalid argument supplied for foreach() in <b>\/home\/nimylosczm\/www\/wp-content\/plugins\/unyson\/framework\/includes\/option-types\/typography-v2\/class-fw-option-type-typography-v2.php<\/b> on line <b>148<\/b><br \/>\n<br \/>\n<b>Warning<\/b>:  Invalid argument supplied for foreach() in <b>\/home\/nimylosczm\/www\/wp-content\/plugins\/unyson\/framework\/includes\/option-types\/typography-v2\/class-fw-option-type-typography-v2.php<\/b> on line <b>148<\/b><br \/>\n<br \/>\n<b>Warning<\/b>:  Invalid argument supplied for foreach() in <b>\/home\/nimylosczm\/www\/wp-content\/plugins\/unyson\/framework\/includes\/option-types\/typography-v2\/class-fw-option-type-typography-v2.php<\/b> on line <b>148<\/b><br \/>\n<br \/>\n<b>Warning<\/b>:  Invalid argument supplied for foreach() in <b>\/home\/nimylosczm\/www\/wp-content\/plugins\/unyson\/framework\/includes\/option-types\/typography-v2\/class-fw-option-type-typography-v2.php<\/b> on line <b>148<\/b><br \/>\n<br \/>\n<b>Warning<\/b>:  Invalid argument supplied for foreach() in <b>\/home\/nimylosczm\/www\/wp-content\/plugins\/unyson\/framework\/includes\/option-types\/typography-v2\/class-fw-option-type-typography-v2.php<\/b> on line <b>148<\/b><br \/>\n<br \/>\n<b>Warning<\/b>:  Invalid argument supplied for foreach() in <b>\/home\/nimylosczm\/www\/wp-content\/plugins\/unyson\/framework\/includes\/option-types\/typography-v2\/class-fw-option-type-typography-v2.php<\/b> on line <b>148<\/b><br \/>\n<br \/>\n<b>Warning<\/b>:  Invalid argument supplied for foreach() in <b>\/home\/nimylosczm\/www\/wp-content\/plugins\/unyson\/framework\/includes\/option-types\/typography-v2\/class-fw-option-type-typography-v2.php<\/b> on line <b>148<\/b><br \/>\n<br \/>\n<b>Warning<\/b>:  Invalid argument supplied for foreach() in <b>\/home\/nimylosczm\/www\/wp-content\/plugins\/unyson\/framework\/includes\/option-types\/typography-v2\/class-fw-option-type-typography-v2.php<\/b> on line <b>148<\/b><br \/>\n<br \/>\n<b>Warning<\/b>:  Invalid argument supplied for foreach() in <b>\/home\/nimylosczm\/www\/wp-content\/plugins\/unyson\/framework\/includes\/option-types\/typography-v2\/class-fw-option-type-typography-v2.php<\/b> on line <b>148<\/b><br \/>\n<br \/>\n<b>Warning<\/b>:  Invalid argument supplied for foreach() in <b>\/home\/nimylosczm\/www\/wp-content\/plugins\/unyson\/framework\/includes\/option-types\/typography-v2\/class-fw-option-type-typography-v2.php<\/b> on line <b>148<\/b><br \/>\n<br \/>\n<b>Warning<\/b>:  Invalid argument supplied for foreach() in <b>\/home\/nimylosczm\/www\/wp-content\/plugins\/unyson\/framework\/includes\/option-types\/typography-v2\/class-fw-option-type-typography-v2.php<\/b> on line <b>148<\/b><br \/>\n<br \/>\n<b>Warning<\/b>:  Invalid argument supplied for foreach() in <b>\/home\/nimylosczm\/www\/wp-content\/plugins\/unyson\/framework\/includes\/option-types\/typography-v2\/class-fw-option-type-typography-v2.php<\/b> on line <b>148<\/b><br \/>\n<div id=\"lakshmi-section-2657\" class=\"shortcode-section lakshmi-fullwidth-section \" style=\" \">\n    <div class=\"section-layer-holder parallax-window \" data-parallax=\"scroll\" data-image-src=\"\/\/nimyloscristalesmagicos.com\/wp-content\/uploads\/2018\/01\/PUEBLOazul.jpg\">\n\t\t        \t\t<div class=\"section-content\" style=\"padding: 0px 0; text-align: left;\">\n        \t<div class=\"container\"><div class=\"fw-row\">\n\t<div class=\"lsi-col fw-col-xs-12 fw-col-sm-6 lsi-width-on-smaller  \" style=\"padding-top: 0px; padding-right: 0px; padding-bottom: 0px; padding-left: 0px;\">\r\n\t\t<img src=\"https:\/\/nimyloscristalesmagicos.com\/wp-content\/uploads\/2018\/01\/PUEBLO2-610x450.png\" alt=\"https:\/\/nimyloscristalesmagicos.com\/wp-content\/uploads\/2018\/01\/PUEBLO2-610x450.png\" width=\"610\" height=\"450\" \/>    <\/div><div class=\"lsi-col fw-col-xs-12 fw-col-sm-6 lsi-width-on-smaller  \" style=\"padding-top: 0px; padding-right: 0px; padding-bottom: 0px; padding-left: 0px;\">\r\n\t\t<h1><span style=\"color: #ffffff;\">La profec\u00eda<\/span><\/h1><p><span style=\"color: #ffffff;\"><strong>La profec\u00eda vuelve<\/strong> despu\u00e9s de mucho tiempo olvidada. La tierra que pisan ahora vuestros pies, hace miles de a\u00f1os, fue testigo de una de las batallas m\u00e1s \u00e9picas que se conservan en la memoria de los hombres. Tras m\u00e1s de dos siglos de continuas luchas <strong>Nim<\/strong>, el Gran Drag\u00f3n Blanco, <strong>fue derrotado por su hermano Drake<\/strong>. <strong>Un poderoso conjuro m\u00e1gico convirti\u00f3 al Gran Blanco<\/strong>, que es as\u00ed como le llamaban por la luz que emit\u00edan las escamas de su piel, <strong>en miles de cristales preciosos que se esparcieron por estos bosques<\/strong>, con el fin de que nunca pudiese volver a proteger a las gentes de estas tierras.<\/span><\/p><p><span style=\"color: #ffffff;\">Con el paso del tiempo, <strong>los hombres fueron olvidando lo ocurrido y, lo que supuso el fin de una \u00e9poca de paz y prosperidad<\/strong>, se convirti\u00f3 en una leyenda, en una f\u00e1bula contada de padres a hijos. S\u00f3lo quedaban algunos recuerdos en la memoria de los m\u00e1s ancianos del lugar, alimentados por viejas inscripciones que hab\u00eda en las cuevas cercanas.<\/span><\/p>    <\/div><\/div>\n\n<\/div>            <div class=\"clearfix\"><\/div>\n        <\/div>\n\t<\/div>\n<\/div><div id=\"lakshmi-section-9755\" class=\"shortcode-section \" style=\" \">\n    <div class=\"section-layer-holder \" style=\"background-image: url();\">\n\t\t        \t\t<div class=\"section-content\" style=\"padding: 0px 0; text-align: center;\">\n        \t<div class=\"fw-row\">\n\t<div class=\"lsi-col fw-col-xs-12 fw-col-sm-6 lsi-width-on-smaller  \" style=\"padding-top: 0px; padding-right: 15px; padding-bottom: 0px; padding-left: 15px;\">\r\n\t\t<p>&nbsp;<\/p><p>&nbsp;<\/p><p><span style=\"color: #000000;\">Todo parec\u00eda olvidado hasta que, el primer d\u00eda de la primavera, cuando el deshielo estaba llegando a su fin, <strong>unos ni\u00f1os del pueblo de Balder<\/strong> que estaban recogiendo frutos por el bosque azulado <strong>vieron asomar entre unas rocas un peque\u00f1o cofre de hierro<\/strong>. Extra\u00f1ados, se acercaron r\u00e1pidamente, deseosos de conocer el contenido de tal misterioso hallazgo. En su interior hab\u00eda <strong>un viejo pergamino<\/strong>, estropeado por el paso de los a\u00f1os pero\u00a0 en el que a\u00fan se pod\u00edan leer las palabras que anta\u00f1o se escribieron:<\/span><\/p>    <\/div><div class=\"lsi-col fw-col-xs-12 fw-col-sm-6 lsi-width-on-smaller  \" style=\"padding-top: 0px; padding-right: 30px; padding-bottom: 0px; padding-left: 30px; text-align: center;\">\r\n\t\t<img src=\"https:\/\/nimyloscristalesmagicos.com\/wp-content\/uploads\/2018\/01\/medallon-cristales-1-350x350.png\" alt=\"Cristales m\u00e1gicos\" width=\"350\" height=\"350\" \/>    <\/div><\/div>\n\n            <div class=\"clearfix\"><\/div>\n        <\/div>\n\t<\/div>\n<\/div><div id=\"lakshmi-section-7565\" class=\"shortcode-section lakshmi-fullwidth-section \" style=\" \">\n    <div class=\"section-layer-holder parallax-window \" data-parallax=\"scroll\" data-image-src=\"\/\/nimyloscristalesmagicos.com\/wp-content\/uploads\/2018\/01\/secci\u00f3n-diamantes.jpg\">\n\t\t<div class=\"section-layer-7565 section-layer\" style=\"background: ; opacity: .50;\"><\/div>        \t\t<div class=\"section-content\" style=\"padding: 0px 0; text-align: left;\">\n        \t<div class=\"container\"><div class=\"fw-row\">\n\t<div class=\"lsi-col fw-col-xs-12 fw-col-sm-6 lsi-width-on-smaller  \" style=\"padding-top: 0px; padding-right: 0px; padding-bottom: 0px; padding-left: 0px;\">\r\n\t\t<img src=\"https:\/\/nimyloscristalesmagicos.com\/wp-content\/uploads\/2018\/01\/medallon-rios-350x350.png\" alt=\"R\u00edos confluyentes\" width=\"350\" height=\"350\" \/>    <\/div><div class=\"lsi-col fw-col-xs-12 fw-col-sm-6 lsi-width-on-smaller  \" style=\"padding-top: 0px; padding-right: 15px; padding-bottom: 0px; padding-left: 15px;\">\r\n\t\t<h2><span style=\"color: #ffffff;\">Pergamino<\/span><\/h2><p><strong><span style=\"color: #ffffff;\"><em>\"Volver\u00e1n las osc<\/em><em><span style=\"color: #ffffff;\">ur<\/span>as sombras a reinar estas tierras. Las llamaradas de su boca incendiar\u00e1n de nuevo las casas de aquellos que han encerrado su poder. <\/em><\/span><\/strong><\/p><p><strong><span style=\"color: #ffffff;\"><em>Cuando las siete \u00a0estrellas negras formen en el cielo la cabeza del drag\u00f3n, \u00e9ste renacer\u00e1 de las entra\u00f1as de la tierra y volver\u00e1 para recuperar las gemas m\u00e1gicas que le devolver\u00e1n todo su poder. <\/em><\/span><\/strong><\/p><p><strong><span style=\"color: #ffffff;\"><em>Cada vez que una estrella negra se coloque en su posici\u00f3n, un ser oscuro intentar\u00e1 recuperar los cristales m\u00e1gicos para el Gran Drag\u00f3n Blanco. Cuantas m\u00e1s gemas recuperen, m\u00e1s poder tendr\u00e1 su amo. <\/em><\/span><\/strong><\/p><p><strong><span style=\"color: #ffffff;\"><em>Llamad, pues, a todos los hombres y mujeres de buen coraz\u00f3n que est\u00e9n dispuestos a dar lo mejor de s\u00ed mismos para evitar la nueva venida del Gran Drag\u00f3n Oscuro<\/em>.\"<\/span><\/strong><\/p>    <\/div><\/div>\n\n<\/div>            <div class=\"clearfix\"><\/div>\n        <\/div>\n\t<\/div>\n<\/div><div id=\"lakshmi-section-8722\" class=\"shortcode-section lakshmi-fullwidth-section \" style=\" \">\n    <div class=\"section-layer-holder \">\n\t\t        \t\t<div class=\"section-content\" style=\"padding: 0px 0; text-align: left;\">\n        \t<div class=\"container\"><div class=\"fw-row\">\n\t<div class=\"lsi-col fw-col-xs-12 fw-col-sm-6 lsi-width-on-smaller  \" style=\"padding-top: 0px; padding-right: 15px; padding-bottom: 0px; padding-left: 15px;\">\r\n\t\t<p>&nbsp;<\/p><p><span style=\"color: #000000;\">La gravedad de las palabras de ese pergamino es m\u00e1xima. <strong>Si no se impide el renacer de Drake,<\/strong> el Gran Drag\u00f3n Oscuro, <\/span><strong>el mundo, tal y como lo conocemos, desaparecer\u00e1<\/strong><span style=\"color: #000000;\">. Los corazones de todos los habitantes de estas tierras se volver\u00e1n piedra y ser\u00e1n incapaces de sentir, de amar, de ayudar\u2026 solamente vivir\u00e1n para servir al Se\u00f1or de la Oscuridad.<\/span><\/p><p>&nbsp;<\/p>    <\/div><div class=\"lsi-col fw-col-xs-12 fw-col-sm-6 lsi-width-on-smaller  \" style=\"padding-top: 0px; padding-right: 0px; padding-bottom: 0px; padding-left: 0px;\">\r\n\t\t<img src=\"https:\/\/nimyloscristalesmagicos.com\/wp-content\/uploads\/2018\/01\/Nim-Drake-1-385x375.png\" alt=\"Nim y Drake\" width=\"385\" height=\"375\" \/>    <\/div><\/div>\n\n<\/div>            <div class=\"clearfix\"><\/div>\n        <\/div>\n\t<\/div>\n<\/div>\n","protected":false},"excerpt":{"rendered":"<p>La profec\u00edaLa profec\u00eda vuelve despu\u00e9s de mucho tiempo olvidada. La tierra que pisan ahora vuestros pies, hace miles de a\u00f1os, fue testigo de una de las batallas m\u00e1s \u00e9picas que se conservan en la memoria de los hombres. Tras m\u00e1s de dos siglos de continuas luchas Nim, el Gran Drag\u00f3n Blanco, fue derrotado por su [&hellip;]<\/p>\n","protected":false},"author":1,"featured_media":1009,"parent":0,"menu_order":0,"comment_status":"closed","ping_status":"closed","template":"","meta":{"_mi_skip_tracking":false},"yoast_head":"<!-- This site is optimized with the Yoast SEO plugin v19.6 - https:\/\/yoast.com\/wordpress\/plugins\/seo\/ -->\n<title>La profec\u00eda de los cristales m\u00e1gicos<\/title>\n<meta name=\"description\" content=\"La profec\u00eda anuncia que cuando las siete estrellas negras formen en el cielo la cabeza del drag\u00f3n, \u00e9ste renacer\u00e1 de las entra\u00f1as de la tierra y volver\u00e1 para recuperar los cristales m\u00e1gicos que le devolver\u00e1n todo su poder.\" \/>\n<meta name=\"robots\" content=\"index, follow, max-snippet:-1, max-image-preview:large, max-video-preview:-1\" \/>\n<link rel=\"canonical\" href=\"https:\/\/nimyloscristalesmagicos.com\/index.php\/la-profecia\/\" \/>\n<meta property=\"og:locale\" content=\"es_ES\" \/>\n<meta property=\"og:type\" content=\"article\" \/>\n<meta property=\"og:title\" content=\"La profec\u00eda de los cristales m\u00e1gicos\" \/>\n<meta property=\"og:description\" content=\"La profec\u00eda anuncia que cuando las siete estrellas negras formen en el cielo la cabeza del drag\u00f3n, \u00e9ste renacer\u00e1 de las entra\u00f1as de la tierra y volver\u00e1 para recuperar los cristales m\u00e1gicos que le devolver\u00e1n todo su poder.\" \/>\n<meta property=\"og:url\" content=\"https:\/\/nimyloscristalesmagicos.com\/index.php\/la-profecia\/\" \/>\n<meta property=\"og:site_name\" content=\"Nim y los cristales m\u00e1gicos\" \/>\n<meta property=\"article:modified_time\" content=\"2019-12-03T22:58:42+00:00\" \/>\n<meta property=\"og:image\" content=\"https:\/\/nimyloscristalesmagicos.com\/wp-content\/uploads\/2018\/01\/PUEBLO.jpg\" \/>\n\t<meta property=\"og:image:width\" content=\"3054\" \/>\n\t<meta property=\"og:image:height\" content=\"2233\" \/>\n\t<meta property=\"og:image:type\" content=\"image\/jpeg\" \/>\n<meta name=\"twitter:card\" content=\"summary_large_image\" \/>\n<meta name=\"twitter:label1\" content=\"Tiempo de lectura\" \/>\n\t<meta name=\"twitter:data1\" content=\"2 minutos\" \/>\n<script type=\"application\/ld+json\" class=\"yoast-schema-graph\">{\"@context\":\"https:\/\/schema.org\",\"@graph\":[{\"@type\":\"WebPage\",\"@id\":\"https:\/\/nimyloscristalesmagicos.com\/index.php\/la-profecia\/\",\"url\":\"https:\/\/nimyloscristalesmagicos.com\/index.php\/la-profecia\/\",\"name\":\"La profec\u00eda de los cristales m\u00e1gicos\",\"isPartOf\":{\"@id\":\"https:\/\/nimyloscristalesmagicos.com\/#website\"},\"datePublished\":\"2017-10-13T15:40:53+00:00\",\"dateModified\":\"2019-12-03T22:58:42+00:00\",\"description\":\"La profec\u00eda anuncia que cuando las siete estrellas negras formen en el cielo la cabeza del drag\u00f3n, \u00e9ste renacer\u00e1 de las entra\u00f1as de la tierra y volver\u00e1 para recuperar los cristales m\u00e1gicos que le devolver\u00e1n todo su poder.\",\"breadcrumb\":{\"@id\":\"https:\/\/nimyloscristalesmagicos.com\/index.php\/la-profecia\/#breadcrumb\"},\"inLanguage\":\"es\",\"potentialAction\":[{\"@type\":\"ReadAction\",\"target\":[\"https:\/\/nimyloscristalesmagicos.com\/index.php\/la-profecia\/\"]}]},{\"@type\":\"BreadcrumbList\",\"@id\":\"https:\/\/nimyloscristalesmagicos.com\/index.php\/la-profecia\/#breadcrumb\",\"itemListElement\":[{\"@type\":\"ListItem\",\"position\":1,\"name\":\"Portada\",\"item\":\"https:\/\/nimyloscristalesmagicos.com\/\"},{\"@type\":\"ListItem\",\"position\":2,\"name\":\"La profec\u00eda\"}]},{\"@type\":\"WebSite\",\"@id\":\"https:\/\/nimyloscristalesmagicos.com\/#website\",\"url\":\"https:\/\/nimyloscristalesmagicos.com\/\",\"name\":\"Nim y los cristales m\u00e1gicos\",\"description\":\"Gamificaci\u00f3n en el aula\",\"potentialAction\":[{\"@type\":\"SearchAction\",\"target\":{\"@type\":\"EntryPoint\",\"urlTemplate\":\"https:\/\/nimyloscristalesmagicos.com\/?s={search_term_string}\"},\"query-input\":\"required name=search_term_string\"}],\"inLanguage\":\"es\"}]}<\/script>\n<!-- \/ Yoast SEO plugin. -->","yoast_head_json":{"title":"La profec\u00eda de los cristales m\u00e1gicos","description":"La profec\u00eda anuncia que cuando las siete estrellas negras formen en el cielo la cabeza del drag\u00f3n, \u00e9ste renacer\u00e1 de las entra\u00f1as de la tierra y volver\u00e1 para recuperar los cristales m\u00e1gicos que le devolver\u00e1n todo su poder.","robots":{"index":"index","follow":"follow","max-snippet":"max-snippet:-1","max-image-preview":"max-image-preview:large","max-video-preview":"max-video-preview:-1"},"canonical":"https:\/\/nimyloscristalesmagicos.com\/index.php\/la-profecia\/","og_locale":"es_ES","og_type":"article","og_title":"La profec\u00eda de los cristales m\u00e1gicos","og_description":"La profec\u00eda anuncia que cuando las siete estrellas negras formen en el cielo la cabeza del drag\u00f3n, \u00e9ste renacer\u00e1 de las entra\u00f1as de la tierra y volver\u00e1 para recuperar los cristales m\u00e1gicos que le devolver\u00e1n todo su poder.","og_url":"https:\/\/nimyloscristalesmagicos.com\/index.php\/la-profecia\/","og_site_name":"Nim y los cristales m\u00e1gicos","article_modified_time":"2019-12-03T22:58:42+00:00","og_image":[{"width":3054,"height":2233,"url":"https:\/\/nimyloscristalesmagicos.com\/wp-content\/uploads\/2018\/01\/PUEBLO.jpg","type":"image\/jpeg"}],"twitter_card":"summary_large_image","twitter_misc":{"Tiempo de lectura":"2 minutos"},"schema":{"@context":"https:\/\/schema.org","@graph":[{"@type":"WebPage","@id":"https:\/\/nimyloscristalesmagicos.com\/index.php\/la-profecia\/","url":"https:\/\/nimyloscristalesmagicos.com\/index.php\/la-profecia\/","name":"La profec\u00eda de los cristales m\u00e1gicos","isPartOf":{"@id":"https:\/\/nimyloscristalesmagicos.com\/#website"},"datePublished":"2017-10-13T15:40:53+00:00","dateModified":"2019-12-03T22:58:42+00:00","description":"La profec\u00eda anuncia que cuando las siete estrellas negras formen en el cielo la cabeza del drag\u00f3n, \u00e9ste renacer\u00e1 de las entra\u00f1as de la tierra y volver\u00e1 para recuperar los cristales m\u00e1gicos que le devolver\u00e1n todo su poder.","breadcrumb":{"@id":"https:\/\/nimyloscristalesmagicos.com\/index.php\/la-profecia\/#breadcrumb"},"inLanguage":"es","potentialAction":[{"@type":"ReadAction","target":["https:\/\/nimyloscristalesmagicos.com\/index.php\/la-profecia\/"]}]},{"@type":"BreadcrumbList","@id":"https:\/\/nimyloscristalesmagicos.com\/index.php\/la-profecia\/#breadcrumb","itemListElement":[{"@type":"ListItem","position":1,"name":"Portada","item":"https:\/\/nimyloscristalesmagicos.com\/"},{"@type":"ListItem","position":2,"name":"La profec\u00eda"}]},{"@type":"WebSite","@id":"https:\/\/nimyloscristalesmagicos.com\/#website","url":"https:\/\/nimyloscristalesmagicos.com\/","name":"Nim y los cristales m\u00e1gicos","description":"Gamificaci\u00f3n en el aula","potentialAction":[{"@type":"SearchAction","target":{"@type":"EntryPoint","urlTemplate":"https:\/\/nimyloscristalesmagicos.com\/?s={search_term_string}"},"query-input":"required name=search_term_string"}],"inLanguage":"es"}]}},"_links":{"self":[{"href":"https:\/\/nimyloscristalesmagicos.com\/index.php\/wp-json\/wp\/v2\/pages\/119"}],"collection":[{"href":"https:\/\/nimyloscristalesmagicos.com\/index.php\/wp-json\/wp\/v2\/pages"}],"about":[{"href":"https:\/\/nimyloscristalesmagicos.com\/index.php\/wp-json\/wp\/v2\/types\/page"}],"author":[{"embeddable":true,"href":"https:\/\/nimyloscristalesmagicos.com\/index.php\/wp-json\/wp\/v2\/users\/1"}],"replies":[{"embeddable":true,"href":"https:\/\/nimyloscristalesmagicos.com\/index.php\/wp-json\/wp\/v2\/comments?post=119"}],"version-history":[{"count":146,"href":"https:\/\/nimyloscristalesmagicos.com\/index.php\/wp-json\/wp\/v2\/pages\/119\/revisions"}],"predecessor-version":[{"id":1526,"href":"https:\/\/nimyloscristalesmagicos.com\/index.php\/wp-json\/wp\/v2\/pages\/119\/revisions\/1526"}],"wp:featuredmedia":[{"embeddable":true,"href":"https:\/\/nimyloscristalesmagicos.com\/index.php\/wp-json\/wp\/v2\/media\/1009"}],"wp:attachment":[{"href":"https:\/\/nimyloscristalesmagicos.com\/index.php\/wp-json\/wp\/v2\/media?parent=119"}],"curies":[{"name":"wp","href":"https:\/\/api.w.org\/{rel}","templated":true}]}}